{"id":29,"date":"2013-08-06T16:30:34","date_gmt":"2013-08-06T14:30:34","guid":{"rendered":"http:\/\/cipro.evolutiontravel.it\/infovacanze\/?page_id=29"},"modified":"2018-10-12T10:00:28","modified_gmt":"2018-10-12T08:00:28","slug":"i-porti","status":"publish","type":"page","link":"https:\/\/cipro.evolutiontravel.it\/infovacanze\/informazioni\/i-porti\/","title":{"rendered":"I 5 porti di Cipro"},"content":{"rendered":"<p>A <strong>Cipro ci sono 5 porti<\/strong>: Limassol, Famagosta, Larnaca, Kyrenia e Vassiliko anche se quello <strong>pi\u00f9 importante \u00e8 Limassol<\/strong>. In realt\u00e0 in questa citt\u00e0 portuale, <a title=\"limassol spiagge\" href=\"https:\/\/cipro.evolutiontravel.it\/infovacanze\/destinazioni\/limassol\/\">famosa per le sue spiagge<\/a>, troviamo <strong>due porti<\/strong>: il porto vecchio e il porto nuovo.<\/p>\n<p><strong>Il porto vecchio,<\/strong> a circa tre chilometri dalla citt\u00e0, \u00e8 costituito da un molo nel quale possono attraccare poche navi per volta ed \u00e8 generalmente usato dai <strong>pescherecci locali<\/strong>.<\/p>\n<p><strong>Al porto nuovo<\/strong> attraccano le navi da crociera e si trova a circa trenta minuti dal centro: con 1.300 metri di banchina, una profondit\u00e0 di undici metri e 3.500 mq di Terminal passeggeri.<\/p>\n<p>Il porto di Limassol \u00e8 perfetto come base per <strong>brevi\u00a0crociere\u00a0<\/strong>nel Mediterraneo orientale, infatti molti turisti \u00e8 proprio da qui che si imbarcano per poi <strong>visitare le zone circostanti<\/strong>: dalle isole greche del Mar Egeo e dello Ionio fino al Pireo passando per Beirut, Haifa, Latakia e Port Said.<\/p>\n<p>A circa 30 km da Limassol si trova poi <strong>il porto di\u00a0Vassiliko, <\/strong>di tipo industriale.<\/p>\n<p>Mentre sulla <strong>costa orientale dell&#8217;isola<\/strong> troviamo <a title=\"famagosta\" href=\"https:\/\/cipro.evolutiontravel.it\/infovacanze\/destinazioni\/famagusta\/\"><strong>Famagosta<\/strong><\/a> anch&#8217;essa con il suo porto: pu\u00f2 essere l&#8217;occasione per vedere le imponenti\u00a0mura difensive\u00a0costruite dai veneziani e la\u00a0Moschea di Lala Mustafa Pasa, uno dei pi\u00f9 affascinanti esempi di architettura gotica della dinastia dei Lusignano.<\/p>\n<p>C&#8217;\u00e8 poi il\u00a0<strong>porto di <a title=\"larnaca\" href=\"https:\/\/cipro.evolutiontravel.it\/infovacanze\/destinazioni\/larnaca\/\">Larnaca<\/a><\/strong>, <strong>localit\u00e0 balneare del Sud-Est di Cipro<\/strong>. Da visitare la Chiesa di Agios Lazaros dove vennero custodite le\u00a0spoglie di Lazzaro\u00a0fino all&#8217;890 d.C. e la Grande Moschea\u00a0costruita inizialmente nel XVI secolo come chiesa cristiana.<\/p>\n<p>Anche <a title=\"Kyrenia\" href=\"https:\/\/cipro.evolutiontravel.it\/infovacanze\/destinazioni\/girne\/\"><strong>Kyrenia<\/strong> (Girne)<\/a>, pi\u00f9 importante meta turistica della <strong>Cipro Nord<\/strong> ha il suo ormeggio e anche in questo caso la sua posizione \u00e8 perfetta per fare delle mini crociere. La sua maggiore attrattiva \u00e8 il Castello che presenta diversi stili architettonici.<\/p>\n<p>&nbsp;<\/p>\n<h3 style=\"text-align: center\">OFFERTE VIAGGI E VACANZE A CIPRO<\/h3>\n<p style=\"text-align: center\"><strong><span style=\"color: #008000\">UN SOLO CLICK E SCOPRI<\/span><\/strong>: <strong>programma dettagliato<\/strong>, <strong>foto e recensioni<\/strong>, <strong>commenti<\/strong> e<strong> itinerari!<\/strong><\/p>\n<div class=\"feedzy-c6867a7d52e0dd32bcb61b0f4bc71689 feedzy-rss\">\n\t\t<ul class=\"feedzy-style2\">\n\t\t\t\t\t<li  style=\"padding: 23px 0 38px\" class=\"rss_item feedzy-rss-col-3\" >\n\t\t\t\t\t\t\t\t\t<div class=\"rss_image\" style=\"width:225px; height:225px;\">\n\t\t\t\t\t\t<a href=\"https:\/\/cipro.evolutiontravel.it\/it_IT\/895\/tab\/35770_alpiselect-melissi-beach-4-stelle.html\" target=\"_blank\" \n\t\t\t\t\t\t\trel=\"noopener \"\n\t\t\t\t\t\t\ttitle=\"Alpiselect Melissi Beach 4 Stelle\"\n\t\t\t\t\t\t\tstyle=\"width:225px; height:225px;\">\n\t\t\t\t\t\t\t<span class=\"fetched\" style=\"background-image:  url('http:\/\/etcdn.net\/thumbnails\/35770\/it-ayia-napa-alpiselect-melissi-beach-4-stelle-86b78.jpg');\" title=\"Alpiselect Melissi Beach 4 Stelle\"><\/span><amp-img width=\"225\" height=\"225\" src=\"http:\/\/etcdn.net\/thumbnails\/35770\/it-ayia-napa-alpiselect-melissi-beach-4-stelle-86b78.jpg\">\t\t\t\t\t\t<\/a>\n\t\t\t\t\t<\/div>\n\t\t\t\t\t\t\t\t<div class=\"rss_content_wrap\">\n\t\t\t\t\t<span class=\"title\">\n\t\t\t\t\t\t<a href=\"https:\/\/cipro.evolutiontravel.it\/it_IT\/895\/tab\/35770_alpiselect-melissi-beach-4-stelle.html\" target=\"_blank\"  rel=\"noopener \">\n\t\t\t\t\t\t\tAlpiselect Melissi Beach 4 Stelle\t\t\t\t\t\t<\/a>\n\t\t\t\t\t<\/span>\n\t\t\t\t\t<div class=\"rss_content\"\n\t\t\t\t\t\t\tstyle=\"\">\n\t\t\t\t\t\t\n\t\t\t\t\t\t\t\t\t\t\t\t<p class=\"description\">Hotel moderno ed elegante, situato in ottima posizione, direttamente su di una splendida spiaggia e a pochi minuti dal centro [&hellip;]<\/p>\n\t\t\t\t\t\t\n\t\t\t\t\t\t\t\t\t\t\t\t\t\t\t\t\t\t\t<div class=\"price-wrap\">\n\t\t\t\t\t\t\t\t<a href=\"https:\/\/cipro.evolutiontravel.it\/it_IT\/895\/tab\/35770_alpiselect-melissi-beach-4-stelle.html\" target=\"_blank\" rel=\"noopener\"><button class=\"price\"> 1420<\/button><\/a>\n\t\t\t\t\t\t\t<\/div>\n\t\t\t\t\t\t\t\t\t\t\t<\/div>\n\t\t\t\t<\/div>\n\t\t\t<\/li>\n\t\t\t\t\t\t<li  style=\"padding: 23px 0 38px\" class=\"rss_item feedzy-rss-col-3\" >\n\t\t\t\t\t\t\t\t\t<div class=\"rss_image\" style=\"width:225px; height:225px;\">\n\t\t\t\t\t\t<a href=\"https:\/\/cipro.evolutiontravel.it\/it_IT\/895\/tab\/26100_alpiselect-atlantica-callisto.html\" target=\"_blank\" \n\t\t\t\t\t\t\trel=\"noopener \"\n\t\t\t\t\t\t\ttitle=\"Alpiselect Atlantica Callisto\"\n\t\t\t\t\t\t\tstyle=\"width:225px; height:225px;\">\n\t\t\t\t\t\t\t<span class=\"fetched\" style=\"background-image:  url('http:\/\/etcdn.net\/thumbnails\/26100\/it-ayia-napa-alpiselect-atlantica-callisto-7ff63.jpg');\" title=\"Alpiselect Atlantica Callisto\"><\/span><amp-img width=\"225\" height=\"225\" src=\"http:\/\/etcdn.net\/thumbnails\/26100\/it-ayia-napa-alpiselect-atlantica-callisto-7ff63.jpg\">\t\t\t\t\t\t<\/a>\n\t\t\t\t\t<\/div>\n\t\t\t\t\t\t\t\t<div class=\"rss_content_wrap\">\n\t\t\t\t\t<span class=\"title\">\n\t\t\t\t\t\t<a href=\"https:\/\/cipro.evolutiontravel.it\/it_IT\/895\/tab\/26100_alpiselect-atlantica-callisto.html\" target=\"_blank\"  rel=\"noopener \">\n\t\t\t\t\t\t\tAlpiselect Atlantica Callisto\t\t\t\t\t\t<\/a>\n\t\t\t\t\t<\/span>\n\t\t\t\t\t<div class=\"rss_content\"\n\t\t\t\t\t\t\tstyle=\"\">\n\t\t\t\t\t\t\n\t\t\t\t\t\t\t\t\t\t\t\t<p class=\"description\">Posizione strategica, si trova infatti a pochi chilometri dal centro di Ayia Napa e direttamente sulla spiaggia di sabbia di [&hellip;]<\/p>\n\t\t\t\t\t\t\n\t\t\t\t\t\t\t\t\t\t\t\t\t\t\t\t\t\t\t<div class=\"price-wrap\">\n\t\t\t\t\t\t\t\t<a href=\"https:\/\/cipro.evolutiontravel.it\/it_IT\/895\/tab\/26100_alpiselect-atlantica-callisto.html\" target=\"_blank\" rel=\"noopener\"><button class=\"price\"> 1035<\/button><\/a>\n\t\t\t\t\t\t\t<\/div>\n\t\t\t\t\t\t\t\t\t\t\t<\/div>\n\t\t\t\t<\/div>\n\t\t\t<\/li>\n\t\t\t\t\t\t<li  style=\"padding: 23px 0 38px\" class=\"rss_item feedzy-rss-col-3\" >\n\t\t\t\t\t\t\t\t\t<div class=\"rss_image\" style=\"width:225px; height:225px;\">\n\t\t\t\t\t\t<a href=\"https:\/\/cipro.evolutiontravel.it\/it_IT\/895\/tab\/26096_seaclub-asterias-beach.html\" target=\"_blank\" \n\t\t\t\t\t\t\trel=\"noopener \"\n\t\t\t\t\t\t\ttitle=\"Seaclub Asterias Beach\"\n\t\t\t\t\t\t\tstyle=\"width:225px; height:225px;\">\n\t\t\t\t\t\t\t<span class=\"fetched\" style=\"background-image:  url('http:\/\/etcdn.net\/thumbnails\/26096\/it-ayia-napa-seaclub-asterias-beach-7ff57.jpg');\" title=\"Seaclub Asterias Beach\"><\/span><amp-img width=\"225\" height=\"225\" src=\"http:\/\/etcdn.net\/thumbnails\/26096\/it-ayia-napa-seaclub-asterias-beach-7ff57.jpg\">\t\t\t\t\t\t<\/a>\n\t\t\t\t\t<\/div>\n\t\t\t\t\t\t\t\t<div class=\"rss_content_wrap\">\n\t\t\t\t\t<span class=\"title\">\n\t\t\t\t\t\t<a href=\"https:\/\/cipro.evolutiontravel.it\/it_IT\/895\/tab\/26096_seaclub-asterias-beach.html\" target=\"_blank\"  rel=\"noopener \">\n\t\t\t\t\t\t\tSeaclub Asterias Beach\t\t\t\t\t\t<\/a>\n\t\t\t\t\t<\/span>\n\t\t\t\t\t<div class=\"rss_content\"\n\t\t\t\t\t\t\tstyle=\"\">\n\t\t\t\t\t\t\n\t\t\t\t\t\t\t\t\t\t\t\t<p class=\"description\">Sorge sulla baia di Makronissos \"Bandiera Blu\" famosa per l'acqua cristallina e la spiaggia di sabbia bianca e fine. A due passi [&hellip;]<\/p>\n\t\t\t\t\t\t\n\t\t\t\t\t\t\t\t\t\t\t\t\t\t\t\t\t\t\t<div class=\"price-wrap\">\n\t\t\t\t\t\t\t\t<a href=\"https:\/\/cipro.evolutiontravel.it\/it_IT\/895\/tab\/26096_seaclub-asterias-beach.html\" target=\"_blank\" rel=\"noopener\"><button class=\"price\"> 1200<\/button><\/a>\n\t\t\t\t\t\t\t<\/div>\n\t\t\t\t\t\t\t\t\t\t\t<\/div>\n\t\t\t\t<\/div>\n\t\t\t<\/li>\n\t\t\t\t\t\t<li  style=\"padding: 23px 0 38px\" class=\"rss_item feedzy-rss-col-3\" >\n\t\t\t\t\t\t\t\t\t<div class=\"rss_image\" style=\"width:225px; height:225px;\">\n\t\t\t\t\t\t<a href=\"https:\/\/cipro.evolutiontravel.it\/it_IT\/895\/tab\/26970_bravo-kaya-artemis-resort.html\" target=\"_blank\" \n\t\t\t\t\t\t\trel=\"noopener \"\n\t\t\t\t\t\t\ttitle=\"Bravo Kaya Artemis Resort\"\n\t\t\t\t\t\t\tstyle=\"width:225px; height:225px;\">\n\t\t\t\t\t\t\t<span class=\"fetched\" style=\"background-image:  url('http:\/\/etcdn.net\/thumbnails\/26970\/it-bafra-alpiclub-kaya-artemis-resort-7ff0f.jpg');\" title=\"Bravo Kaya Artemis Resort\"><\/span><amp-img width=\"225\" height=\"225\" src=\"http:\/\/etcdn.net\/thumbnails\/26970\/it-bafra-alpiclub-kaya-artemis-resort-7ff0f.jpg\">\t\t\t\t\t\t<\/a>\n\t\t\t\t\t<\/div>\n\t\t\t\t\t\t\t\t<div class=\"rss_content_wrap\">\n\t\t\t\t\t<span class=\"title\">\n\t\t\t\t\t\t<a href=\"https:\/\/cipro.evolutiontravel.it\/it_IT\/895\/tab\/26970_bravo-kaya-artemis-resort.html\" target=\"_blank\"  rel=\"noopener \">\n\t\t\t\t\t\t\tBravo Kaya Artemis Resort\t\t\t\t\t\t<\/a>\n\t\t\t\t\t<\/span>\n\t\t\t\t\t<div class=\"rss_content\"\n\t\t\t\t\t\t\tstyle=\"\">\n\t\t\t\t\t\t\n\t\t\t\t\t\t\t\t\t\t\t\t<p class=\"description\">Alla scoperta di un mare limpidissimo tra siti archeologici, mosaici e affreschi bizantini in un crocevia di antiche culture. [&hellip;]<\/p>\n\t\t\t\t\t\t\n\t\t\t\t\t\t\t\t\t\t\t\t\t\t\t\t\t\t\t<div class=\"price-wrap\">\n\t\t\t\t\t\t\t\t<a href=\"https:\/\/cipro.evolutiontravel.it\/it_IT\/895\/tab\/26970_bravo-kaya-artemis-resort.html\" target=\"_blank\" rel=\"noopener\"><button class=\"price\"> 1215<\/button><\/a>\n\t\t\t\t\t\t\t<\/div>\n\t\t\t\t\t\t\t\t\t\t\t<\/div>\n\t\t\t\t<\/div>\n\t\t\t<\/li>\n\t\t\t\t\t\t<li  style=\"padding: 23px 0 38px\" class=\"rss_item feedzy-rss-col-3\" >\n\t\t\t\t\t\t\t\t\t<div class=\"rss_image\" style=\"width:225px; height:225px;\">\n\t\t\t\t\t\t<a href=\"https:\/\/cipro.evolutiontravel.it\/it_IT\/895\/tab\/26098_hotel-corfu.html\" target=\"_blank\" \n\t\t\t\t\t\t\trel=\"noopener \"\n\t\t\t\t\t\t\ttitle=\"Hotel Corfu\"\n\t\t\t\t\t\t\tstyle=\"width:225px; height:225px;\">\n\t\t\t\t\t\t\t<span class=\"fetched\" style=\"background-image:  url('http:\/\/etcdn.net\/thumbnails\/26098\/it-ayia-napa-hotel-corfu-80091.jpg');\" title=\"Hotel Corfu\"><\/span><amp-img width=\"225\" height=\"225\" src=\"http:\/\/etcdn.net\/thumbnails\/26098\/it-ayia-napa-hotel-corfu-80091.jpg\">\t\t\t\t\t\t<\/a>\n\t\t\t\t\t<\/div>\n\t\t\t\t\t\t\t\t<div class=\"rss_content_wrap\">\n\t\t\t\t\t<span class=\"title\">\n\t\t\t\t\t\t<a href=\"https:\/\/cipro.evolutiontravel.it\/it_IT\/895\/tab\/26098_hotel-corfu.html\" target=\"_blank\"  rel=\"noopener \">\n\t\t\t\t\t\t\tHotel Corfu\t\t\t\t\t\t<\/a>\n\t\t\t\t\t<\/span>\n\t\t\t\t\t<div class=\"rss_content\"\n\t\t\t\t\t\t\tstyle=\"\">\n\t\t\t\t\t\t\n\t\t\t\t\t\t\t\t\t\t\t\t<p class=\"description\">Hotel gradevole a vocazione internazionale, in seconda linea rispetto alla spiaggia di Limanaki, raggiungibile a piedi tramite un [&hellip;]<\/p>\n\t\t\t\t\t\t\n\t\t\t\t\t\t\t\t\t\t\t\t\t\t\t\t\t\t\t<div class=\"price-wrap\">\n\t\t\t\t\t\t\t\t<a href=\"https:\/\/cipro.evolutiontravel.it\/it_IT\/895\/tab\/26098_hotel-corfu.html\" target=\"_blank\" rel=\"noopener\"><button class=\"price\"> 670<\/button><\/a>\n\t\t\t\t\t\t\t<\/div>\n\t\t\t\t\t\t\t\t\t\t\t<\/div>\n\t\t\t\t<\/div>\n\t\t\t<\/li>\n\t\t\t\t\t\t<li  style=\"padding: 23px 0 38px\" class=\"rss_item feedzy-rss-col-3\" >\n\t\t\t\t\t\t\t\t\t<div class=\"rss_image\" style=\"width:225px; height:225px;\">\n\t\t\t\t\t\t<a href=\"https:\/\/cipro.evolutiontravel.it\/it_IT\/895\/tab\/40719_veraclub-so-nice.html\" target=\"_blank\" \n\t\t\t\t\t\t\trel=\"noopener \"\n\t\t\t\t\t\t\ttitle=\"Veraclub So Nice\"\n\t\t\t\t\t\t\tstyle=\"width:225px; height:225px;\">\n\t\t\t\t\t\t\t<span class=\"fetched\" style=\"background-image:  url('http:\/\/etcdn.net\/thumbnails\/40719\/it-ayia-napa-veraclub-so-nice-82c70.jpg');\" title=\"Veraclub So Nice\"><\/span><amp-img width=\"225\" height=\"225\" src=\"http:\/\/etcdn.net\/thumbnails\/40719\/it-ayia-napa-veraclub-so-nice-82c70.jpg\">\t\t\t\t\t\t<\/a>\n\t\t\t\t\t<\/div>\n\t\t\t\t\t\t\t\t<div class=\"rss_content_wrap\">\n\t\t\t\t\t<span class=\"title\">\n\t\t\t\t\t\t<a href=\"https:\/\/cipro.evolutiontravel.it\/it_IT\/895\/tab\/40719_veraclub-so-nice.html\" target=\"_blank\"  rel=\"noopener \">\n\t\t\t\t\t\t\tVeraclub So Nice\t\t\t\t\t\t<\/a>\n\t\t\t\t\t<\/span>\n\t\t\t\t\t<div class=\"rss_content\"\n\t\t\t\t\t\t\tstyle=\"\">\n\t\t\t\t\t\t\n\t\t\t\t\t\t\t\t\t\t\t\t<p class=\"description\">Un\u2019estate tra storia, mare e relax: lasciati incantare dal fascino millenario di\u00a0Cipro, dove storia e mito si intrecciano con [&hellip;]<\/p>\n\t\t\t\t\t\t\n\t\t\t\t\t\t\t\t\t\t\t\t\t\t\t\t\t\t\t<div class=\"price-wrap\">\n\t\t\t\t\t\t\t\t<a href=\"https:\/\/cipro.evolutiontravel.it\/it_IT\/895\/tab\/40719_veraclub-so-nice.html\" target=\"_blank\" rel=\"noopener\"><button class=\"price\"> 1180<\/button><\/a>\n\t\t\t\t\t\t\t<\/div>\n\t\t\t\t\t\t\t\t\t\t\t<\/div>\n\t\t\t\t<\/div>\n\t\t\t<\/li>\n\t\t\t\t<\/ul>\n<\/div>\n<style type=\"text\/css\" media=\"all\">.feedzy-rss .rss_item .rss_image{float:left;position:relative;border:none;text-decoration:none;max-width:100%}.feedzy-rss .rss_item .rss_image span{display:inline-block;position:absolute;width:100%;height:100%;background-position:50%;background-size:cover}.feedzy-rss .rss_item .rss_image{margin:.3em 1em 0 0;content-visibility:auto}.feedzy-rss ul{list-style:none}.feedzy-rss ul li{display:inline-block}<\/style>\n","protected":false},"excerpt":{"rendered":"<p>A Cipro ci sono 5 porti: Limassol, Famagosta, Larnaca, Kyrenia e Vassiliko anche se quello pi\u00f9 importante \u00e8 Limassol. In realt\u00e0 in questa citt\u00e0 portuale, famosa per le sue spiagge, troviamo due porti: il porto vecchio e il porto nuovo. Il porto vecchio, a circa tre chilometri dalla citt\u00e0, \u00e8 costituito da un molo nel <a class=\"moretag\" href=\"https:\/\/cipro.evolutiontravel.it\/infovacanze\/informazioni\/i-porti\/\">[&#8230;]<\/a><\/p>\n","protected":false},"author":1,"featured_media":0,"parent":11,"menu_order":0,"comment_status":"closed","ping_status":"open","template":"templates\/template-with-right-sidebar.php","meta":{"footnotes":""},"yoast_head":"<!-- This site is optimized with the Yoast SEO plugin v21.9.1 - https:\/\/yoast.com\/wordpress\/plugins\/seo\/ -->\n<title>Porti di Cipro: Limassol, Famagosta, Larnaca, Kyrenia e Vassiliko<\/title>\n<meta name=\"description\" content=\"Ecco i porti di Cipro, dal suo pi\u00f9 importante a Limassol a Vassiliko passando per Famagosta, Larnaca e Kyrenia: scopri con noi questa isola!\" \/>\n<meta name=\"robots\" content=\"index, follow, max-snippet:-1, max-image-preview:large, max-video-preview:-1\" \/>\n<link rel=\"canonical\" href=\"https:\/\/cipro.evolutiontravel.it\/infovacanze\/informazioni\/i-porti\/\" \/>\n<meta name=\"twitter:label1\" content=\"Tempo di lettura stimato\" \/>\n\t<meta name=\"twitter:data1\" content=\"2 minuti\" \/>\n<script type=\"application\/ld+json\" class=\"yoast-schema-graph\">{\"@context\":\"https:\/\/schema.org\",\"@graph\":[{\"@type\":\"WebPage\",\"@id\":\"https:\/\/cipro.evolutiontravel.it\/infovacanze\/informazioni\/i-porti\/\",\"url\":\"https:\/\/cipro.evolutiontravel.it\/infovacanze\/informazioni\/i-porti\/\",\"name\":\"Porti di Cipro: Limassol, Famagosta, Larnaca, Kyrenia e Vassiliko\",\"isPartOf\":{\"@id\":\"https:\/\/cipro.evolutiontravel.it\/infovacanze\/#website\"},\"datePublished\":\"2013-08-06T14:30:34+00:00\",\"dateModified\":\"2018-10-12T08:00:28+00:00\",\"description\":\"Ecco i porti di Cipro, dal suo pi\u00f9 importante a Limassol a Vassiliko passando per Famagosta, Larnaca e Kyrenia: scopri con noi questa isola!\",\"breadcrumb\":{\"@id\":\"https:\/\/cipro.evolutiontravel.it\/infovacanze\/informazioni\/i-porti\/#breadcrumb\"},\"inLanguage\":\"it-IT\",\"potentialAction\":[{\"@type\":\"ReadAction\",\"target\":[\"https:\/\/cipro.evolutiontravel.it\/infovacanze\/informazioni\/i-porti\/\"]}]},{\"@type\":\"BreadcrumbList\",\"@id\":\"https:\/\/cipro.evolutiontravel.it\/infovacanze\/informazioni\/i-porti\/#breadcrumb\",\"itemListElement\":[{\"@type\":\"ListItem\",\"position\":1,\"name\":\"Informazioni su Cipro\",\"item\":\"https:\/\/cipro.evolutiontravel.it\/infovacanze\/informazioni\/\"},{\"@type\":\"ListItem\",\"position\":2,\"name\":\"I 5 porti di Cipro\"}]},{\"@type\":\"WebSite\",\"@id\":\"https:\/\/cipro.evolutiontravel.it\/infovacanze\/#website\",\"url\":\"https:\/\/cipro.evolutiontravel.it\/infovacanze\/\",\"name\":\"Cipro\",\"description\":\"\",\"potentialAction\":[{\"@type\":\"SearchAction\",\"target\":{\"@type\":\"EntryPoint\",\"urlTemplate\":\"https:\/\/cipro.evolutiontravel.it\/infovacanze\/?s={search_term_string}\"},\"query-input\":\"required name=search_term_string\"}],\"inLanguage\":\"it-IT\"}]}<\/script>\n<!-- \/ Yoast SEO plugin. -->","yoast_head_json":{"title":"Porti di Cipro: Limassol, Famagosta, Larnaca, Kyrenia e Vassiliko","description":"Ecco i porti di Cipro, dal suo pi\u00f9 importante a Limassol a Vassiliko passando per Famagosta, Larnaca e Kyrenia: scopri con noi questa isola!","robots":{"index":"index","follow":"follow","max-snippet":"max-snippet:-1","max-image-preview":"max-image-preview:large","max-video-preview":"max-video-preview:-1"},"canonical":"https:\/\/cipro.evolutiontravel.it\/infovacanze\/informazioni\/i-porti\/","twitter_misc":{"Tempo di lettura stimato":"2 minuti"},"schema":{"@context":"https:\/\/schema.org","@graph":[{"@type":"WebPage","@id":"https:\/\/cipro.evolutiontravel.it\/infovacanze\/informazioni\/i-porti\/","url":"https:\/\/cipro.evolutiontravel.it\/infovacanze\/informazioni\/i-porti\/","name":"Porti di Cipro: Limassol, Famagosta, Larnaca, Kyrenia e Vassiliko","isPartOf":{"@id":"https:\/\/cipro.evolutiontravel.it\/infovacanze\/#website"},"datePublished":"2013-08-06T14:30:34+00:00","dateModified":"2018-10-12T08:00:28+00:00","description":"Ecco i porti di Cipro, dal suo pi\u00f9 importante a Limassol a Vassiliko passando per Famagosta, Larnaca e Kyrenia: scopri con noi questa isola!","breadcrumb":{"@id":"https:\/\/cipro.evolutiontravel.it\/infovacanze\/informazioni\/i-porti\/#breadcrumb"},"inLanguage":"it-IT","potentialAction":[{"@type":"ReadAction","target":["https:\/\/cipro.evolutiontravel.it\/infovacanze\/informazioni\/i-porti\/"]}]},{"@type":"BreadcrumbList","@id":"https:\/\/cipro.evolutiontravel.it\/infovacanze\/informazioni\/i-porti\/#breadcrumb","itemListElement":[{"@type":"ListItem","position":1,"name":"Informazioni su Cipro","item":"https:\/\/cipro.evolutiontravel.it\/infovacanze\/informazioni\/"},{"@type":"ListItem","position":2,"name":"I 5 porti di Cipro"}]},{"@type":"WebSite","@id":"https:\/\/cipro.evolutiontravel.it\/infovacanze\/#website","url":"https:\/\/cipro.evolutiontravel.it\/infovacanze\/","name":"Cipro","description":"","potentialAction":[{"@type":"SearchAction","target":{"@type":"EntryPoint","urlTemplate":"https:\/\/cipro.evolutiontravel.it\/infovacanze\/?s={search_term_string}"},"query-input":"required name=search_term_string"}],"inLanguage":"it-IT"}]}},"_links":{"self":[{"href":"https:\/\/cipro.evolutiontravel.it\/infovacanze\/wp-json\/wp\/v2\/pages\/29"}],"collection":[{"href":"https:\/\/cipro.evolutiontravel.it\/infovacanze\/wp-json\/wp\/v2\/pages"}],"about":[{"href":"https:\/\/cipro.evolutiontravel.it\/infovacanze\/wp-json\/wp\/v2\/types\/page"}],"author":[{"embeddable":true,"href":"https:\/\/cipro.evolutiontravel.it\/infovacanze\/wp-json\/wp\/v2\/users\/1"}],"replies":[{"embeddable":true,"href":"https:\/\/cipro.evolutiontravel.it\/infovacanze\/wp-json\/wp\/v2\/comments?post=29"}],"version-history":[{"count":8,"href":"https:\/\/cipro.evolutiontravel.it\/infovacanze\/wp-json\/wp\/v2\/pages\/29\/revisions"}],"predecessor-version":[{"id":979,"href":"https:\/\/cipro.evolutiontravel.it\/infovacanze\/wp-json\/wp\/v2\/pages\/29\/revisions\/979"}],"up":[{"embeddable":true,"href":"https:\/\/cipro.evolutiontravel.it\/infovacanze\/wp-json\/wp\/v2\/pages\/11"}],"wp:attachment":[{"href":"https:\/\/cipro.evolutiontravel.it\/infovacanze\/wp-json\/wp\/v2\/media?parent=29"}],"curies":[{"name":"wp","href":"https:\/\/api.w.org\/{rel}","templated":true}]}}