{"id":539,"date":"2014-05-12T18:00:03","date_gmt":"2014-05-12T16:00:03","guid":{"rendered":"http:\/\/cipro.evolutiontravel.it\/infovacanze\/?page_id=539"},"modified":"2019-05-16T11:52:20","modified_gmt":"2019-05-16T09:52:20","slug":"clima-cipro-maggio","status":"publish","type":"page","link":"https:\/\/cipro.evolutiontravel.it\/infovacanze\/informazioni\/clima-cipro-maggio\/","title":{"rendered":"Cipro a maggio"},"content":{"rendered":"<p>A <strong>maggio<\/strong> a <strong>Cipro c&#8217;\u00e8 lo stesso clima e temperature<\/strong> che troviamo su altre isole del Mar Mediterraneo, come Sicilia e Sardegna.<\/p>\n<p>Le<strong> temperature sono primaverili<\/strong> e si aggirano intorno ai <strong>23 e 25 gradi centigradi<\/strong> con un tasso di umidit\u00e0 che varia molto in base alla provenienza dei venti, e infatti una delle caratteristiche della zona mediterranea \u00e8 <strong>la variabilit\u00e0 del clima<\/strong>.<\/p>\n<p>Le mete del Mar Mediterraneo offrono generalmente <strong>una miriade di possibilit\u00e0<\/strong> a chi vuole trascorrere una vacanza da sogno, milioni sono i turisti che ogni anno viaggiano da ogni parte del mondo per poter rilassarsi sulle spiagge o visitare i luoghi che hanno accolto la civilt\u00e0 greca e\u00a0 romana, culla della modernit\u00e0.<\/p>\n<p>Come indicato, le condizioni meteo possono variare con una certa rapidit\u00e0 e di conseguenza conviene preparsi a questa eventualit\u00e0. Le strutture ricettive presenti sull\u2019isola sono diventate sempre pi\u00f9 all\u2019avanguardia e, per quanto Cipro sia una localit\u00e0 balneare, offrono anche molte altre attivit\u00e0 di diverso tipo.<\/p>\n<p><strong>In caso di pioggia<\/strong> ci si pu\u00f2 rilassare godendosi <strong>un massaggio in una splendida spa<\/strong>, oppure nuotare nelle <strong>piscine coperte<\/strong>, recarsi in uno dei tanti <strong>luoghi tutelati dall\u2019Unesco<\/strong> presenti sull\u2019isola.<\/p>\n<p>Molti viaggiatori non sanno che Cipro non \u00e8 solo mare e spiagge, ci sono numerose bellezze culturali e paesaggistiche come, per citarne solo una, <strong>Choirokoitia<\/strong>.<\/p>\n<p>Questa cittadina di epoca neolitica rappresenta uno <strong>esempio eccezionale di conservazione archeologica e di architettura<\/strong>. Le rovine delle antiche abitazioni sono perfettamente conservate. Caratteristica unica per quel tempo ed ancora ben visibile oggi, sono <strong>le mura difensive della citt\u00e0<\/strong>.<\/p>\n<h3 style=\"text-align: center\">OFFERTE VIAGGI E VACANZE A CIPRO<\/h3>\n<p style=\"text-align: center\"><strong><span style=\"color: #008000\">CLICCA E SCOPRI TUTTO IN UN CLICK<\/span><\/strong>: <strong>programma<\/strong>, <strong>foto<\/strong>, <strong>recensioni <\/strong>e <strong>servizi inclusi nei pacchetti<\/strong>.<\/p>\n<p style=\"text-align: center\"><strong>NON PERDERE QUESTA OCCASIONE!<\/strong><\/p>\n<div class=\"feedzy-c6867a7d52e0dd32bcb61b0f4bc71689 feedzy-rss\">\n\t\t<ul class=\"feedzy-style2\">\n\t\t\t\t\t<li  style=\"padding: 23px 0 38px\" class=\"rss_item feedzy-rss-col-3\" >\n\t\t\t\t\t\t\t\t\t<div class=\"rss_image\" style=\"width:225px; height:225px;\">\n\t\t\t\t\t\t<a href=\"https:\/\/cipro.evolutiontravel.it\/it_IT\/895\/tab\/35770_alpiselect-melissi-beach-4-stelle.html\" target=\"_blank\" \n\t\t\t\t\t\t\trel=\"noopener \"\n\t\t\t\t\t\t\ttitle=\"Alpiselect Melissi Beach 4 Stelle\"\n\t\t\t\t\t\t\tstyle=\"width:225px; height:225px;\">\n\t\t\t\t\t\t\t<span class=\"fetched\" style=\"background-image:  url('http:\/\/etcdn.net\/thumbnails\/35770\/it-ayia-napa-alpiselect-melissi-beach-4-stelle-86b78.jpg');\" title=\"Alpiselect Melissi Beach 4 Stelle\"><\/span><amp-img width=\"225\" height=\"225\" src=\"http:\/\/etcdn.net\/thumbnails\/35770\/it-ayia-napa-alpiselect-melissi-beach-4-stelle-86b78.jpg\">\t\t\t\t\t\t<\/a>\n\t\t\t\t\t<\/div>\n\t\t\t\t\t\t\t\t<div class=\"rss_content_wrap\">\n\t\t\t\t\t<span class=\"title\">\n\t\t\t\t\t\t<a href=\"https:\/\/cipro.evolutiontravel.it\/it_IT\/895\/tab\/35770_alpiselect-melissi-beach-4-stelle.html\" target=\"_blank\"  rel=\"noopener \">\n\t\t\t\t\t\t\tAlpiselect Melissi Beach 4 Stelle\t\t\t\t\t\t<\/a>\n\t\t\t\t\t<\/span>\n\t\t\t\t\t<div class=\"rss_content\"\n\t\t\t\t\t\t\tstyle=\"\">\n\t\t\t\t\t\t\n\t\t\t\t\t\t\t\t\t\t\t\t<p class=\"description\">Hotel moderno ed elegante, situato in ottima posizione, direttamente su di una splendida spiaggia e a pochi minuti dal centro [&hellip;]<\/p>\n\t\t\t\t\t\t\n\t\t\t\t\t\t\t\t\t\t\t\t\t\t\t\t\t\t\t<div class=\"price-wrap\">\n\t\t\t\t\t\t\t\t<a href=\"https:\/\/cipro.evolutiontravel.it\/it_IT\/895\/tab\/35770_alpiselect-melissi-beach-4-stelle.html\" target=\"_blank\" rel=\"noopener\"><button class=\"price\"> 1420<\/button><\/a>\n\t\t\t\t\t\t\t<\/div>\n\t\t\t\t\t\t\t\t\t\t\t<\/div>\n\t\t\t\t<\/div>\n\t\t\t<\/li>\n\t\t\t\t\t\t<li  style=\"padding: 23px 0 38px\" class=\"rss_item feedzy-rss-col-3\" >\n\t\t\t\t\t\t\t\t\t<div class=\"rss_image\" style=\"width:225px; height:225px;\">\n\t\t\t\t\t\t<a href=\"https:\/\/cipro.evolutiontravel.it\/it_IT\/895\/tab\/26100_alpiselect-atlantica-callisto.html\" target=\"_blank\" \n\t\t\t\t\t\t\trel=\"noopener \"\n\t\t\t\t\t\t\ttitle=\"Alpiselect Atlantica Callisto\"\n\t\t\t\t\t\t\tstyle=\"width:225px; height:225px;\">\n\t\t\t\t\t\t\t<span class=\"fetched\" style=\"background-image:  url('http:\/\/etcdn.net\/thumbnails\/26100\/it-ayia-napa-alpiselect-atlantica-callisto-7ff63.jpg');\" title=\"Alpiselect Atlantica Callisto\"><\/span><amp-img width=\"225\" height=\"225\" src=\"http:\/\/etcdn.net\/thumbnails\/26100\/it-ayia-napa-alpiselect-atlantica-callisto-7ff63.jpg\">\t\t\t\t\t\t<\/a>\n\t\t\t\t\t<\/div>\n\t\t\t\t\t\t\t\t<div class=\"rss_content_wrap\">\n\t\t\t\t\t<span class=\"title\">\n\t\t\t\t\t\t<a href=\"https:\/\/cipro.evolutiontravel.it\/it_IT\/895\/tab\/26100_alpiselect-atlantica-callisto.html\" target=\"_blank\"  rel=\"noopener \">\n\t\t\t\t\t\t\tAlpiselect Atlantica Callisto\t\t\t\t\t\t<\/a>\n\t\t\t\t\t<\/span>\n\t\t\t\t\t<div class=\"rss_content\"\n\t\t\t\t\t\t\tstyle=\"\">\n\t\t\t\t\t\t\n\t\t\t\t\t\t\t\t\t\t\t\t<p class=\"description\">Posizione strategica, si trova infatti a pochi chilometri dal centro di Ayia Napa e direttamente sulla spiaggia di sabbia di [&hellip;]<\/p>\n\t\t\t\t\t\t\n\t\t\t\t\t\t\t\t\t\t\t\t\t\t\t\t\t\t\t<div class=\"price-wrap\">\n\t\t\t\t\t\t\t\t<a href=\"https:\/\/cipro.evolutiontravel.it\/it_IT\/895\/tab\/26100_alpiselect-atlantica-callisto.html\" target=\"_blank\" rel=\"noopener\"><button class=\"price\"> 1035<\/button><\/a>\n\t\t\t\t\t\t\t<\/div>\n\t\t\t\t\t\t\t\t\t\t\t<\/div>\n\t\t\t\t<\/div>\n\t\t\t<\/li>\n\t\t\t\t\t\t<li  style=\"padding: 23px 0 38px\" class=\"rss_item feedzy-rss-col-3\" >\n\t\t\t\t\t\t\t\t\t<div class=\"rss_image\" style=\"width:225px; height:225px;\">\n\t\t\t\t\t\t<a href=\"https:\/\/cipro.evolutiontravel.it\/it_IT\/895\/tab\/26096_seaclub-asterias-beach.html\" target=\"_blank\" \n\t\t\t\t\t\t\trel=\"noopener \"\n\t\t\t\t\t\t\ttitle=\"Seaclub Asterias Beach\"\n\t\t\t\t\t\t\tstyle=\"width:225px; height:225px;\">\n\t\t\t\t\t\t\t<span class=\"fetched\" style=\"background-image:  url('http:\/\/etcdn.net\/thumbnails\/26096\/it-ayia-napa-seaclub-asterias-beach-7ff57.jpg');\" title=\"Seaclub Asterias Beach\"><\/span><amp-img width=\"225\" height=\"225\" src=\"http:\/\/etcdn.net\/thumbnails\/26096\/it-ayia-napa-seaclub-asterias-beach-7ff57.jpg\">\t\t\t\t\t\t<\/a>\n\t\t\t\t\t<\/div>\n\t\t\t\t\t\t\t\t<div class=\"rss_content_wrap\">\n\t\t\t\t\t<span class=\"title\">\n\t\t\t\t\t\t<a href=\"https:\/\/cipro.evolutiontravel.it\/it_IT\/895\/tab\/26096_seaclub-asterias-beach.html\" target=\"_blank\"  rel=\"noopener \">\n\t\t\t\t\t\t\tSeaclub Asterias Beach\t\t\t\t\t\t<\/a>\n\t\t\t\t\t<\/span>\n\t\t\t\t\t<div class=\"rss_content\"\n\t\t\t\t\t\t\tstyle=\"\">\n\t\t\t\t\t\t\n\t\t\t\t\t\t\t\t\t\t\t\t<p class=\"description\">Sorge sulla baia di Makronissos \"Bandiera Blu\" famosa per l'acqua cristallina e la spiaggia di sabbia bianca e fine. A due passi [&hellip;]<\/p>\n\t\t\t\t\t\t\n\t\t\t\t\t\t\t\t\t\t\t\t\t\t\t\t\t\t\t<div class=\"price-wrap\">\n\t\t\t\t\t\t\t\t<a href=\"https:\/\/cipro.evolutiontravel.it\/it_IT\/895\/tab\/26096_seaclub-asterias-beach.html\" target=\"_blank\" rel=\"noopener\"><button class=\"price\"> 1200<\/button><\/a>\n\t\t\t\t\t\t\t<\/div>\n\t\t\t\t\t\t\t\t\t\t\t<\/div>\n\t\t\t\t<\/div>\n\t\t\t<\/li>\n\t\t\t\t\t\t<li  style=\"padding: 23px 0 38px\" class=\"rss_item feedzy-rss-col-3\" >\n\t\t\t\t\t\t\t\t\t<div class=\"rss_image\" style=\"width:225px; height:225px;\">\n\t\t\t\t\t\t<a href=\"https:\/\/cipro.evolutiontravel.it\/it_IT\/895\/tab\/26970_bravo-kaya-artemis-resort.html\" target=\"_blank\" \n\t\t\t\t\t\t\trel=\"noopener \"\n\t\t\t\t\t\t\ttitle=\"Bravo Kaya Artemis Resort\"\n\t\t\t\t\t\t\tstyle=\"width:225px; height:225px;\">\n\t\t\t\t\t\t\t<span class=\"fetched\" style=\"background-image:  url('http:\/\/etcdn.net\/thumbnails\/26970\/it-bafra-alpiclub-kaya-artemis-resort-7ff0f.jpg');\" title=\"Bravo Kaya Artemis Resort\"><\/span><amp-img width=\"225\" height=\"225\" src=\"http:\/\/etcdn.net\/thumbnails\/26970\/it-bafra-alpiclub-kaya-artemis-resort-7ff0f.jpg\">\t\t\t\t\t\t<\/a>\n\t\t\t\t\t<\/div>\n\t\t\t\t\t\t\t\t<div class=\"rss_content_wrap\">\n\t\t\t\t\t<span class=\"title\">\n\t\t\t\t\t\t<a href=\"https:\/\/cipro.evolutiontravel.it\/it_IT\/895\/tab\/26970_bravo-kaya-artemis-resort.html\" target=\"_blank\"  rel=\"noopener \">\n\t\t\t\t\t\t\tBravo Kaya Artemis Resort\t\t\t\t\t\t<\/a>\n\t\t\t\t\t<\/span>\n\t\t\t\t\t<div class=\"rss_content\"\n\t\t\t\t\t\t\tstyle=\"\">\n\t\t\t\t\t\t\n\t\t\t\t\t\t\t\t\t\t\t\t<p class=\"description\">Alla scoperta di un mare limpidissimo tra siti archeologici, mosaici e affreschi bizantini in un crocevia di antiche culture. [&hellip;]<\/p>\n\t\t\t\t\t\t\n\t\t\t\t\t\t\t\t\t\t\t\t\t\t\t\t\t\t\t<div class=\"price-wrap\">\n\t\t\t\t\t\t\t\t<a href=\"https:\/\/cipro.evolutiontravel.it\/it_IT\/895\/tab\/26970_bravo-kaya-artemis-resort.html\" target=\"_blank\" rel=\"noopener\"><button class=\"price\"> 1215<\/button><\/a>\n\t\t\t\t\t\t\t<\/div>\n\t\t\t\t\t\t\t\t\t\t\t<\/div>\n\t\t\t\t<\/div>\n\t\t\t<\/li>\n\t\t\t\t\t\t<li  style=\"padding: 23px 0 38px\" class=\"rss_item feedzy-rss-col-3\" >\n\t\t\t\t\t\t\t\t\t<div class=\"rss_image\" style=\"width:225px; height:225px;\">\n\t\t\t\t\t\t<a href=\"https:\/\/cipro.evolutiontravel.it\/it_IT\/895\/tab\/26098_hotel-corfu.html\" target=\"_blank\" \n\t\t\t\t\t\t\trel=\"noopener \"\n\t\t\t\t\t\t\ttitle=\"Hotel Corfu\"\n\t\t\t\t\t\t\tstyle=\"width:225px; height:225px;\">\n\t\t\t\t\t\t\t<span class=\"fetched\" style=\"background-image:  url('http:\/\/etcdn.net\/thumbnails\/26098\/it-ayia-napa-hotel-corfu-80091.jpg');\" title=\"Hotel Corfu\"><\/span><amp-img width=\"225\" height=\"225\" src=\"http:\/\/etcdn.net\/thumbnails\/26098\/it-ayia-napa-hotel-corfu-80091.jpg\">\t\t\t\t\t\t<\/a>\n\t\t\t\t\t<\/div>\n\t\t\t\t\t\t\t\t<div class=\"rss_content_wrap\">\n\t\t\t\t\t<span class=\"title\">\n\t\t\t\t\t\t<a href=\"https:\/\/cipro.evolutiontravel.it\/it_IT\/895\/tab\/26098_hotel-corfu.html\" target=\"_blank\"  rel=\"noopener \">\n\t\t\t\t\t\t\tHotel Corfu\t\t\t\t\t\t<\/a>\n\t\t\t\t\t<\/span>\n\t\t\t\t\t<div class=\"rss_content\"\n\t\t\t\t\t\t\tstyle=\"\">\n\t\t\t\t\t\t\n\t\t\t\t\t\t\t\t\t\t\t\t<p class=\"description\">Hotel gradevole a vocazione internazionale, in seconda linea rispetto alla spiaggia di Limanaki, raggiungibile a piedi tramite un [&hellip;]<\/p>\n\t\t\t\t\t\t\n\t\t\t\t\t\t\t\t\t\t\t\t\t\t\t\t\t\t\t<div class=\"price-wrap\">\n\t\t\t\t\t\t\t\t<a href=\"https:\/\/cipro.evolutiontravel.it\/it_IT\/895\/tab\/26098_hotel-corfu.html\" target=\"_blank\" rel=\"noopener\"><button class=\"price\"> 670<\/button><\/a>\n\t\t\t\t\t\t\t<\/div>\n\t\t\t\t\t\t\t\t\t\t\t<\/div>\n\t\t\t\t<\/div>\n\t\t\t<\/li>\n\t\t\t\t\t\t<li  style=\"padding: 23px 0 38px\" class=\"rss_item feedzy-rss-col-3\" >\n\t\t\t\t\t\t\t\t\t<div class=\"rss_image\" style=\"width:225px; height:225px;\">\n\t\t\t\t\t\t<a href=\"https:\/\/cipro.evolutiontravel.it\/it_IT\/895\/tab\/40719_veraclub-so-nice.html\" target=\"_blank\" \n\t\t\t\t\t\t\trel=\"noopener \"\n\t\t\t\t\t\t\ttitle=\"Veraclub So Nice\"\n\t\t\t\t\t\t\tstyle=\"width:225px; height:225px;\">\n\t\t\t\t\t\t\t<span class=\"fetched\" style=\"background-image:  url('http:\/\/etcdn.net\/thumbnails\/40719\/it-ayia-napa-veraclub-so-nice-82c70.jpg');\" title=\"Veraclub So Nice\"><\/span><amp-img width=\"225\" height=\"225\" src=\"http:\/\/etcdn.net\/thumbnails\/40719\/it-ayia-napa-veraclub-so-nice-82c70.jpg\">\t\t\t\t\t\t<\/a>\n\t\t\t\t\t<\/div>\n\t\t\t\t\t\t\t\t<div class=\"rss_content_wrap\">\n\t\t\t\t\t<span class=\"title\">\n\t\t\t\t\t\t<a href=\"https:\/\/cipro.evolutiontravel.it\/it_IT\/895\/tab\/40719_veraclub-so-nice.html\" target=\"_blank\"  rel=\"noopener \">\n\t\t\t\t\t\t\tVeraclub So Nice\t\t\t\t\t\t<\/a>\n\t\t\t\t\t<\/span>\n\t\t\t\t\t<div class=\"rss_content\"\n\t\t\t\t\t\t\tstyle=\"\">\n\t\t\t\t\t\t\n\t\t\t\t\t\t\t\t\t\t\t\t<p class=\"description\">Un\u2019estate tra storia, mare e relax: lasciati incantare dal fascino millenario di\u00a0Cipro, dove storia e mito si intrecciano con [&hellip;]<\/p>\n\t\t\t\t\t\t\n\t\t\t\t\t\t\t\t\t\t\t\t\t\t\t\t\t\t\t<div class=\"price-wrap\">\n\t\t\t\t\t\t\t\t<a href=\"https:\/\/cipro.evolutiontravel.it\/it_IT\/895\/tab\/40719_veraclub-so-nice.html\" target=\"_blank\" rel=\"noopener\"><button class=\"price\"> 1180<\/button><\/a>\n\t\t\t\t\t\t\t<\/div>\n\t\t\t\t\t\t\t\t\t\t\t<\/div>\n\t\t\t\t<\/div>\n\t\t\t<\/li>\n\t\t\t\t<\/ul>\n<\/div>\n<style type=\"text\/css\" media=\"all\">.feedzy-rss .rss_item .rss_image{float:left;position:relative;border:none;text-decoration:none;max-width:100%}.feedzy-rss .rss_item .rss_image span{display:inline-block;position:absolute;width:100%;height:100%;background-position:50%;background-size:cover}.feedzy-rss .rss_item .rss_image{margin:.3em 1em 0 0;content-visibility:auto}.feedzy-rss ul{list-style:none}.feedzy-rss ul li{display:inline-block}<\/style>\n","protected":false},"excerpt":{"rendered":"<p>A maggio a Cipro c&#8217;\u00e8 lo stesso clima e temperature che troviamo su altre isole del Mar Mediterraneo, come Sicilia e Sardegna. Le temperature sono primaverili e si aggirano intorno ai 23 e 25 gradi centigradi con un tasso di umidit\u00e0 che varia molto in base alla provenienza dei venti, e infatti una delle caratteristiche <a class=\"moretag\" href=\"https:\/\/cipro.evolutiontravel.it\/infovacanze\/informazioni\/clima-cipro-maggio\/\">[&#8230;]<\/a><\/p>\n","protected":false},"author":1,"featured_media":0,"parent":11,"menu_order":0,"comment_status":"closed","ping_status":"open","template":"templates\/template-with-right-sidebar.php","meta":{"footnotes":""},"yoast_head":"<!-- This site is optimized with the Yoast SEO plugin v21.9.1 - https:\/\/yoast.com\/wordpress\/plugins\/seo\/ -->\n<title>A maggio tutti a Cipro: tra mare, spiagge e itinerari culturali sull&#039;isola<\/title>\n<meta name=\"description\" content=\"Hai scelto maggio per la tua prossima vacanza a Cipro? Leggi il nostro articolo per saperne di pi\u00f9 e scoprire qualche utile consiglio!\" \/>\n<meta name=\"robots\" content=\"index, follow, max-snippet:-1, max-image-preview:large, max-video-preview:-1\" \/>\n<link rel=\"canonical\" href=\"https:\/\/cipro.evolutiontravel.it\/infovacanze\/informazioni\/clima-cipro-maggio\/\" \/>\n<meta name=\"twitter:label1\" content=\"Tempo di lettura stimato\" \/>\n\t<meta name=\"twitter:data1\" content=\"2 minuti\" \/>\n<script type=\"application\/ld+json\" class=\"yoast-schema-graph\">{\"@context\":\"https:\/\/schema.org\",\"@graph\":[{\"@type\":\"WebPage\",\"@id\":\"https:\/\/cipro.evolutiontravel.it\/infovacanze\/informazioni\/clima-cipro-maggio\/\",\"url\":\"https:\/\/cipro.evolutiontravel.it\/infovacanze\/informazioni\/clima-cipro-maggio\/\",\"name\":\"A maggio tutti a Cipro: tra mare, spiagge e itinerari culturali sull'isola\",\"isPartOf\":{\"@id\":\"https:\/\/cipro.evolutiontravel.it\/infovacanze\/#website\"},\"datePublished\":\"2014-05-12T16:00:03+00:00\",\"dateModified\":\"2019-05-16T09:52:20+00:00\",\"description\":\"Hai scelto maggio per la tua prossima vacanza a Cipro? Leggi il nostro articolo per saperne di pi\u00f9 e scoprire qualche utile consiglio!\",\"breadcrumb\":{\"@id\":\"https:\/\/cipro.evolutiontravel.it\/infovacanze\/informazioni\/clima-cipro-maggio\/#breadcrumb\"},\"inLanguage\":\"it-IT\",\"potentialAction\":[{\"@type\":\"ReadAction\",\"target\":[\"https:\/\/cipro.evolutiontravel.it\/infovacanze\/informazioni\/clima-cipro-maggio\/\"]}]},{\"@type\":\"BreadcrumbList\",\"@id\":\"https:\/\/cipro.evolutiontravel.it\/infovacanze\/informazioni\/clima-cipro-maggio\/#breadcrumb\",\"itemListElement\":[{\"@type\":\"ListItem\",\"position\":1,\"name\":\"Informazioni su Cipro\",\"item\":\"https:\/\/cipro.evolutiontravel.it\/infovacanze\/informazioni\/\"},{\"@type\":\"ListItem\",\"position\":2,\"name\":\"Cipro a maggio\"}]},{\"@type\":\"WebSite\",\"@id\":\"https:\/\/cipro.evolutiontravel.it\/infovacanze\/#website\",\"url\":\"https:\/\/cipro.evolutiontravel.it\/infovacanze\/\",\"name\":\"Cipro\",\"description\":\"\",\"potentialAction\":[{\"@type\":\"SearchAction\",\"target\":{\"@type\":\"EntryPoint\",\"urlTemplate\":\"https:\/\/cipro.evolutiontravel.it\/infovacanze\/?s={search_term_string}\"},\"query-input\":\"required name=search_term_string\"}],\"inLanguage\":\"it-IT\"}]}<\/script>\n<!-- \/ Yoast SEO plugin. -->","yoast_head_json":{"title":"A maggio tutti a Cipro: tra mare, spiagge e itinerari culturali sull'isola","description":"Hai scelto maggio per la tua prossima vacanza a Cipro? Leggi il nostro articolo per saperne di pi\u00f9 e scoprire qualche utile consiglio!","robots":{"index":"index","follow":"follow","max-snippet":"max-snippet:-1","max-image-preview":"max-image-preview:large","max-video-preview":"max-video-preview:-1"},"canonical":"https:\/\/cipro.evolutiontravel.it\/infovacanze\/informazioni\/clima-cipro-maggio\/","twitter_misc":{"Tempo di lettura stimato":"2 minuti"},"schema":{"@context":"https:\/\/schema.org","@graph":[{"@type":"WebPage","@id":"https:\/\/cipro.evolutiontravel.it\/infovacanze\/informazioni\/clima-cipro-maggio\/","url":"https:\/\/cipro.evolutiontravel.it\/infovacanze\/informazioni\/clima-cipro-maggio\/","name":"A maggio tutti a Cipro: tra mare, spiagge e itinerari culturali sull'isola","isPartOf":{"@id":"https:\/\/cipro.evolutiontravel.it\/infovacanze\/#website"},"datePublished":"2014-05-12T16:00:03+00:00","dateModified":"2019-05-16T09:52:20+00:00","description":"Hai scelto maggio per la tua prossima vacanza a Cipro? Leggi il nostro articolo per saperne di pi\u00f9 e scoprire qualche utile consiglio!","breadcrumb":{"@id":"https:\/\/cipro.evolutiontravel.it\/infovacanze\/informazioni\/clima-cipro-maggio\/#breadcrumb"},"inLanguage":"it-IT","potentialAction":[{"@type":"ReadAction","target":["https:\/\/cipro.evolutiontravel.it\/infovacanze\/informazioni\/clima-cipro-maggio\/"]}]},{"@type":"BreadcrumbList","@id":"https:\/\/cipro.evolutiontravel.it\/infovacanze\/informazioni\/clima-cipro-maggio\/#breadcrumb","itemListElement":[{"@type":"ListItem","position":1,"name":"Informazioni su Cipro","item":"https:\/\/cipro.evolutiontravel.it\/infovacanze\/informazioni\/"},{"@type":"ListItem","position":2,"name":"Cipro a maggio"}]},{"@type":"WebSite","@id":"https:\/\/cipro.evolutiontravel.it\/infovacanze\/#website","url":"https:\/\/cipro.evolutiontravel.it\/infovacanze\/","name":"Cipro","description":"","potentialAction":[{"@type":"SearchAction","target":{"@type":"EntryPoint","urlTemplate":"https:\/\/cipro.evolutiontravel.it\/infovacanze\/?s={search_term_string}"},"query-input":"required name=search_term_string"}],"inLanguage":"it-IT"}]}},"_links":{"self":[{"href":"https:\/\/cipro.evolutiontravel.it\/infovacanze\/wp-json\/wp\/v2\/pages\/539"}],"collection":[{"href":"https:\/\/cipro.evolutiontravel.it\/infovacanze\/wp-json\/wp\/v2\/pages"}],"about":[{"href":"https:\/\/cipro.evolutiontravel.it\/infovacanze\/wp-json\/wp\/v2\/types\/page"}],"author":[{"embeddable":true,"href":"https:\/\/cipro.evolutiontravel.it\/infovacanze\/wp-json\/wp\/v2\/users\/1"}],"replies":[{"embeddable":true,"href":"https:\/\/cipro.evolutiontravel.it\/infovacanze\/wp-json\/wp\/v2\/comments?post=539"}],"version-history":[{"count":8,"href":"https:\/\/cipro.evolutiontravel.it\/infovacanze\/wp-json\/wp\/v2\/pages\/539\/revisions"}],"predecessor-version":[{"id":1075,"href":"https:\/\/cipro.evolutiontravel.it\/infovacanze\/wp-json\/wp\/v2\/pages\/539\/revisions\/1075"}],"up":[{"embeddable":true,"href":"https:\/\/cipro.evolutiontravel.it\/infovacanze\/wp-json\/wp\/v2\/pages\/11"}],"wp:attachment":[{"href":"https:\/\/cipro.evolutiontravel.it\/infovacanze\/wp-json\/wp\/v2\/media?parent=539"}],"curies":[{"name":"wp","href":"https:\/\/api.w.org\/{rel}","templated":true}]}}