{"id":541,"date":"2014-05-12T18:01:49","date_gmt":"2014-05-12T16:01:49","guid":{"rendered":"http:\/\/cipro.evolutiontravel.it\/infovacanze\/?page_id=541"},"modified":"2019-05-16T11:48:13","modified_gmt":"2019-05-16T09:48:13","slug":"clima-cipro-aprile","status":"publish","type":"page","link":"https:\/\/cipro.evolutiontravel.it\/infovacanze\/informazioni\/clima-cipro-aprile\/","title":{"rendered":"Aprile a Cipro: che tempo fa?"},"content":{"rendered":"<p><strong>Cipro ad aprile<\/strong> \u00e8 un&#8217;ottima destinazione di vacanze, sia per il <strong>clima<\/strong> sia perch\u00e8 in questo mese primaverile ci sono <strong>feste e ponti<\/strong>.<\/p>\n<p>In <strong>poco pi\u00f9 di 3 ore di volo dall&#8217;Italia<\/strong>, raggiungerete una meta <strong>ricca di occasioni di divertimento<\/strong> per tutti, famiglie, coppie e gruppi di amici.<\/p>\n<p>Se andate a Cipro durante <strong>le vacanze di Pasqua<\/strong> potreste anche aggiungere al vostro itinerario di mare alcune <strong>mete di interesse culturale<\/strong> come ad esempio il <strong>museo archeologico dell\u2019isola<\/strong>.<\/p>\n<p>Qui ci sono tanti reperti per scoprire la storia dell\u2019isola, cimeli di fattura greca, romana, bizantina, affascinano i visitatori di tutto il mondo.<\/p>\n<p>Per quanto riguarda le <strong>condizioni meteo<\/strong> sull&#8217;isola sono <strong>simili a quelle del nostro paese<\/strong>. Tenete conto che potrebbero esserci dei rovesciamenti piovosi dovuti proprio al fatto che la zona del bacino Mediterraneo \u00e8 caratterizzata da una <strong>rapida variabilit\u00e0 del tempo<\/strong>.<\/p>\n<p>Consigliamo quindi di mettere in valigia anche alcuni indumenti pi\u00f9 pesanti e una giacca a vento, molto probabilmente non vi serviranno ma potrebbero essere utili in caso di pioggia.<\/p>\n<p>Partendo dal fatto che <strong>non \u00e8 possibile prevedere,\u00a0senza alcun margine di errore, che tempo far\u00e0<\/strong>, sar\u00e0 allora molto pi\u00f9 semplice organizzarsi con attivit\u00e0 da fare in caso di maltempo sull&#8217;isola come <a title=\"monumenti cipro\" href=\"https:\/\/cipro.evolutiontravel.it\/infovacanze\/turismo\/cipro-monumenti\/\"><strong>andare per musei e monumenti<\/strong><\/a>.<\/p>\n<p><strong>Essere organizzati \u00e8 la chiave per la vacanza perfetta<\/strong>: lasciatevi consigliare dai nostri Consulenti viggio esperti proprio nella destinazione Cipro!<\/p>\n<p style=\"text-align: center\"><strong><span style=\"color: #008000\">IMPERDIBILI OFFERTE PER CIPRO<\/span> da Evolution Travel<\/strong><\/p>\n<p style=\"text-align: center\"><span style=\"color: #008000\"><strong>CLICCA E SCOPRI<\/strong><\/span>: <strong>programma dettagliato<\/strong>, <strong>commenti<\/strong>, <strong>tante foto<\/strong> e <strong>servizi inlcusi nei pacchetti!<\/strong><\/p>\n<p style=\"text-align: center\"><strong><span style=\"color: #008000\">NON PERDERE QUESTA OCCASIONE E PARTI AD APRILE!<\/span><\/strong><\/p>\n<div class=\"feedzy-c6867a7d52e0dd32bcb61b0f4bc71689 feedzy-rss\">\n\t\t<ul class=\"feedzy-style2\">\n\t\t\t\t\t<li  style=\"padding: 23px 0 38px\" class=\"rss_item feedzy-rss-col-3\" >\n\t\t\t\t\t\t\t\t\t<div class=\"rss_image\" style=\"width:225px; height:225px;\">\n\t\t\t\t\t\t<a href=\"https:\/\/cipro.evolutiontravel.it\/it_IT\/895\/tab\/35770_alpiselect-melissi-beach-4-stelle.html\" target=\"_blank\" \n\t\t\t\t\t\t\trel=\"noopener \"\n\t\t\t\t\t\t\ttitle=\"Alpiselect Melissi Beach 4 Stelle\"\n\t\t\t\t\t\t\tstyle=\"width:225px; height:225px;\">\n\t\t\t\t\t\t\t<span class=\"fetched\" style=\"background-image:  url('http:\/\/etcdn.net\/thumbnails\/35770\/it-ayia-napa-alpiselect-melissi-beach-4-stelle-86b78.jpg');\" title=\"Alpiselect Melissi Beach 4 Stelle\"><\/span><amp-img width=\"225\" height=\"225\" src=\"http:\/\/etcdn.net\/thumbnails\/35770\/it-ayia-napa-alpiselect-melissi-beach-4-stelle-86b78.jpg\">\t\t\t\t\t\t<\/a>\n\t\t\t\t\t<\/div>\n\t\t\t\t\t\t\t\t<div class=\"rss_content_wrap\">\n\t\t\t\t\t<span class=\"title\">\n\t\t\t\t\t\t<a href=\"https:\/\/cipro.evolutiontravel.it\/it_IT\/895\/tab\/35770_alpiselect-melissi-beach-4-stelle.html\" target=\"_blank\"  rel=\"noopener \">\n\t\t\t\t\t\t\tAlpiselect Melissi Beach 4 Stelle\t\t\t\t\t\t<\/a>\n\t\t\t\t\t<\/span>\n\t\t\t\t\t<div class=\"rss_content\"\n\t\t\t\t\t\t\tstyle=\"\">\n\t\t\t\t\t\t\n\t\t\t\t\t\t\t\t\t\t\t\t<p class=\"description\">Hotel moderno ed elegante, situato in ottima posizione, direttamente su di una splendida spiaggia e a pochi minuti dal centro [&hellip;]<\/p>\n\t\t\t\t\t\t\n\t\t\t\t\t\t\t\t\t\t\t\t\t\t\t\t\t\t\t<div class=\"price-wrap\">\n\t\t\t\t\t\t\t\t<a href=\"https:\/\/cipro.evolutiontravel.it\/it_IT\/895\/tab\/35770_alpiselect-melissi-beach-4-stelle.html\" target=\"_blank\" rel=\"noopener\"><button class=\"price\"> 1420<\/button><\/a>\n\t\t\t\t\t\t\t<\/div>\n\t\t\t\t\t\t\t\t\t\t\t<\/div>\n\t\t\t\t<\/div>\n\t\t\t<\/li>\n\t\t\t\t\t\t<li  style=\"padding: 23px 0 38px\" class=\"rss_item feedzy-rss-col-3\" >\n\t\t\t\t\t\t\t\t\t<div class=\"rss_image\" style=\"width:225px; height:225px;\">\n\t\t\t\t\t\t<a href=\"https:\/\/cipro.evolutiontravel.it\/it_IT\/895\/tab\/26100_alpiselect-atlantica-callisto.html\" target=\"_blank\" \n\t\t\t\t\t\t\trel=\"noopener \"\n\t\t\t\t\t\t\ttitle=\"Alpiselect Atlantica Callisto\"\n\t\t\t\t\t\t\tstyle=\"width:225px; height:225px;\">\n\t\t\t\t\t\t\t<span class=\"fetched\" style=\"background-image:  url('http:\/\/etcdn.net\/thumbnails\/26100\/it-ayia-napa-alpiselect-atlantica-callisto-7ff63.jpg');\" title=\"Alpiselect Atlantica Callisto\"><\/span><amp-img width=\"225\" height=\"225\" src=\"http:\/\/etcdn.net\/thumbnails\/26100\/it-ayia-napa-alpiselect-atlantica-callisto-7ff63.jpg\">\t\t\t\t\t\t<\/a>\n\t\t\t\t\t<\/div>\n\t\t\t\t\t\t\t\t<div class=\"rss_content_wrap\">\n\t\t\t\t\t<span class=\"title\">\n\t\t\t\t\t\t<a href=\"https:\/\/cipro.evolutiontravel.it\/it_IT\/895\/tab\/26100_alpiselect-atlantica-callisto.html\" target=\"_blank\"  rel=\"noopener \">\n\t\t\t\t\t\t\tAlpiselect Atlantica Callisto\t\t\t\t\t\t<\/a>\n\t\t\t\t\t<\/span>\n\t\t\t\t\t<div class=\"rss_content\"\n\t\t\t\t\t\t\tstyle=\"\">\n\t\t\t\t\t\t\n\t\t\t\t\t\t\t\t\t\t\t\t<p class=\"description\">Posizione strategica, si trova infatti a pochi chilometri dal centro di Ayia Napa e direttamente sulla spiaggia di sabbia di [&hellip;]<\/p>\n\t\t\t\t\t\t\n\t\t\t\t\t\t\t\t\t\t\t\t\t\t\t\t\t\t\t<div class=\"price-wrap\">\n\t\t\t\t\t\t\t\t<a href=\"https:\/\/cipro.evolutiontravel.it\/it_IT\/895\/tab\/26100_alpiselect-atlantica-callisto.html\" target=\"_blank\" rel=\"noopener\"><button class=\"price\"> 1035<\/button><\/a>\n\t\t\t\t\t\t\t<\/div>\n\t\t\t\t\t\t\t\t\t\t\t<\/div>\n\t\t\t\t<\/div>\n\t\t\t<\/li>\n\t\t\t\t\t\t<li  style=\"padding: 23px 0 38px\" class=\"rss_item feedzy-rss-col-3\" >\n\t\t\t\t\t\t\t\t\t<div class=\"rss_image\" style=\"width:225px; height:225px;\">\n\t\t\t\t\t\t<a href=\"https:\/\/cipro.evolutiontravel.it\/it_IT\/895\/tab\/26096_seaclub-asterias-beach.html\" target=\"_blank\" \n\t\t\t\t\t\t\trel=\"noopener \"\n\t\t\t\t\t\t\ttitle=\"Seaclub Asterias Beach\"\n\t\t\t\t\t\t\tstyle=\"width:225px; height:225px;\">\n\t\t\t\t\t\t\t<span class=\"fetched\" style=\"background-image:  url('http:\/\/etcdn.net\/thumbnails\/26096\/it-ayia-napa-seaclub-asterias-beach-7ff57.jpg');\" title=\"Seaclub Asterias Beach\"><\/span><amp-img width=\"225\" height=\"225\" src=\"http:\/\/etcdn.net\/thumbnails\/26096\/it-ayia-napa-seaclub-asterias-beach-7ff57.jpg\">\t\t\t\t\t\t<\/a>\n\t\t\t\t\t<\/div>\n\t\t\t\t\t\t\t\t<div class=\"rss_content_wrap\">\n\t\t\t\t\t<span class=\"title\">\n\t\t\t\t\t\t<a href=\"https:\/\/cipro.evolutiontravel.it\/it_IT\/895\/tab\/26096_seaclub-asterias-beach.html\" target=\"_blank\"  rel=\"noopener \">\n\t\t\t\t\t\t\tSeaclub Asterias Beach\t\t\t\t\t\t<\/a>\n\t\t\t\t\t<\/span>\n\t\t\t\t\t<div class=\"rss_content\"\n\t\t\t\t\t\t\tstyle=\"\">\n\t\t\t\t\t\t\n\t\t\t\t\t\t\t\t\t\t\t\t<p class=\"description\">Sorge sulla baia di Makronissos \"Bandiera Blu\" famosa per l'acqua cristallina e la spiaggia di sabbia bianca e fine. A due passi [&hellip;]<\/p>\n\t\t\t\t\t\t\n\t\t\t\t\t\t\t\t\t\t\t\t\t\t\t\t\t\t\t<div class=\"price-wrap\">\n\t\t\t\t\t\t\t\t<a href=\"https:\/\/cipro.evolutiontravel.it\/it_IT\/895\/tab\/26096_seaclub-asterias-beach.html\" target=\"_blank\" rel=\"noopener\"><button class=\"price\"> 1200<\/button><\/a>\n\t\t\t\t\t\t\t<\/div>\n\t\t\t\t\t\t\t\t\t\t\t<\/div>\n\t\t\t\t<\/div>\n\t\t\t<\/li>\n\t\t\t\t\t\t<li  style=\"padding: 23px 0 38px\" class=\"rss_item feedzy-rss-col-3\" >\n\t\t\t\t\t\t\t\t\t<div class=\"rss_image\" style=\"width:225px; height:225px;\">\n\t\t\t\t\t\t<a href=\"https:\/\/cipro.evolutiontravel.it\/it_IT\/895\/tab\/26970_bravo-kaya-artemis-resort.html\" target=\"_blank\" \n\t\t\t\t\t\t\trel=\"noopener \"\n\t\t\t\t\t\t\ttitle=\"Bravo Kaya Artemis Resort\"\n\t\t\t\t\t\t\tstyle=\"width:225px; height:225px;\">\n\t\t\t\t\t\t\t<span class=\"fetched\" style=\"background-image:  url('http:\/\/etcdn.net\/thumbnails\/26970\/it-bafra-alpiclub-kaya-artemis-resort-7ff0f.jpg');\" title=\"Bravo Kaya Artemis Resort\"><\/span><amp-img width=\"225\" height=\"225\" src=\"http:\/\/etcdn.net\/thumbnails\/26970\/it-bafra-alpiclub-kaya-artemis-resort-7ff0f.jpg\">\t\t\t\t\t\t<\/a>\n\t\t\t\t\t<\/div>\n\t\t\t\t\t\t\t\t<div class=\"rss_content_wrap\">\n\t\t\t\t\t<span class=\"title\">\n\t\t\t\t\t\t<a href=\"https:\/\/cipro.evolutiontravel.it\/it_IT\/895\/tab\/26970_bravo-kaya-artemis-resort.html\" target=\"_blank\"  rel=\"noopener \">\n\t\t\t\t\t\t\tBravo Kaya Artemis Resort\t\t\t\t\t\t<\/a>\n\t\t\t\t\t<\/span>\n\t\t\t\t\t<div class=\"rss_content\"\n\t\t\t\t\t\t\tstyle=\"\">\n\t\t\t\t\t\t\n\t\t\t\t\t\t\t\t\t\t\t\t<p class=\"description\">Alla scoperta di un mare limpidissimo tra siti archeologici, mosaici e affreschi bizantini in un crocevia di antiche culture. [&hellip;]<\/p>\n\t\t\t\t\t\t\n\t\t\t\t\t\t\t\t\t\t\t\t\t\t\t\t\t\t\t<div class=\"price-wrap\">\n\t\t\t\t\t\t\t\t<a href=\"https:\/\/cipro.evolutiontravel.it\/it_IT\/895\/tab\/26970_bravo-kaya-artemis-resort.html\" target=\"_blank\" rel=\"noopener\"><button class=\"price\"> 1215<\/button><\/a>\n\t\t\t\t\t\t\t<\/div>\n\t\t\t\t\t\t\t\t\t\t\t<\/div>\n\t\t\t\t<\/div>\n\t\t\t<\/li>\n\t\t\t\t\t\t<li  style=\"padding: 23px 0 38px\" class=\"rss_item feedzy-rss-col-3\" >\n\t\t\t\t\t\t\t\t\t<div class=\"rss_image\" style=\"width:225px; height:225px;\">\n\t\t\t\t\t\t<a href=\"https:\/\/cipro.evolutiontravel.it\/it_IT\/895\/tab\/26098_hotel-corfu.html\" target=\"_blank\" \n\t\t\t\t\t\t\trel=\"noopener \"\n\t\t\t\t\t\t\ttitle=\"Hotel Corfu\"\n\t\t\t\t\t\t\tstyle=\"width:225px; height:225px;\">\n\t\t\t\t\t\t\t<span class=\"fetched\" style=\"background-image:  url('http:\/\/etcdn.net\/thumbnails\/26098\/it-ayia-napa-hotel-corfu-80091.jpg');\" title=\"Hotel Corfu\"><\/span><amp-img width=\"225\" height=\"225\" src=\"http:\/\/etcdn.net\/thumbnails\/26098\/it-ayia-napa-hotel-corfu-80091.jpg\">\t\t\t\t\t\t<\/a>\n\t\t\t\t\t<\/div>\n\t\t\t\t\t\t\t\t<div class=\"rss_content_wrap\">\n\t\t\t\t\t<span class=\"title\">\n\t\t\t\t\t\t<a href=\"https:\/\/cipro.evolutiontravel.it\/it_IT\/895\/tab\/26098_hotel-corfu.html\" target=\"_blank\"  rel=\"noopener \">\n\t\t\t\t\t\t\tHotel Corfu\t\t\t\t\t\t<\/a>\n\t\t\t\t\t<\/span>\n\t\t\t\t\t<div class=\"rss_content\"\n\t\t\t\t\t\t\tstyle=\"\">\n\t\t\t\t\t\t\n\t\t\t\t\t\t\t\t\t\t\t\t<p class=\"description\">Hotel gradevole a vocazione internazionale, in seconda linea rispetto alla spiaggia di Limanaki, raggiungibile a piedi tramite un [&hellip;]<\/p>\n\t\t\t\t\t\t\n\t\t\t\t\t\t\t\t\t\t\t\t\t\t\t\t\t\t\t<div class=\"price-wrap\">\n\t\t\t\t\t\t\t\t<a href=\"https:\/\/cipro.evolutiontravel.it\/it_IT\/895\/tab\/26098_hotel-corfu.html\" target=\"_blank\" rel=\"noopener\"><button class=\"price\"> 670<\/button><\/a>\n\t\t\t\t\t\t\t<\/div>\n\t\t\t\t\t\t\t\t\t\t\t<\/div>\n\t\t\t\t<\/div>\n\t\t\t<\/li>\n\t\t\t\t\t\t<li  style=\"padding: 23px 0 38px\" class=\"rss_item feedzy-rss-col-3\" >\n\t\t\t\t\t\t\t\t\t<div class=\"rss_image\" style=\"width:225px; height:225px;\">\n\t\t\t\t\t\t<a href=\"https:\/\/cipro.evolutiontravel.it\/it_IT\/895\/tab\/40719_veraclub-so-nice.html\" target=\"_blank\" \n\t\t\t\t\t\t\trel=\"noopener \"\n\t\t\t\t\t\t\ttitle=\"Veraclub So Nice\"\n\t\t\t\t\t\t\tstyle=\"width:225px; height:225px;\">\n\t\t\t\t\t\t\t<span class=\"fetched\" style=\"background-image:  url('http:\/\/etcdn.net\/thumbnails\/40719\/it-ayia-napa-veraclub-so-nice-82c70.jpg');\" title=\"Veraclub So Nice\"><\/span><amp-img width=\"225\" height=\"225\" src=\"http:\/\/etcdn.net\/thumbnails\/40719\/it-ayia-napa-veraclub-so-nice-82c70.jpg\">\t\t\t\t\t\t<\/a>\n\t\t\t\t\t<\/div>\n\t\t\t\t\t\t\t\t<div class=\"rss_content_wrap\">\n\t\t\t\t\t<span class=\"title\">\n\t\t\t\t\t\t<a href=\"https:\/\/cipro.evolutiontravel.it\/it_IT\/895\/tab\/40719_veraclub-so-nice.html\" target=\"_blank\"  rel=\"noopener \">\n\t\t\t\t\t\t\tVeraclub So Nice\t\t\t\t\t\t<\/a>\n\t\t\t\t\t<\/span>\n\t\t\t\t\t<div class=\"rss_content\"\n\t\t\t\t\t\t\tstyle=\"\">\n\t\t\t\t\t\t\n\t\t\t\t\t\t\t\t\t\t\t\t<p class=\"description\">Un\u2019estate tra storia, mare e relax: lasciati incantare dal fascino millenario di\u00a0Cipro, dove storia e mito si intrecciano con [&hellip;]<\/p>\n\t\t\t\t\t\t\n\t\t\t\t\t\t\t\t\t\t\t\t\t\t\t\t\t\t\t<div class=\"price-wrap\">\n\t\t\t\t\t\t\t\t<a href=\"https:\/\/cipro.evolutiontravel.it\/it_IT\/895\/tab\/40719_veraclub-so-nice.html\" target=\"_blank\" rel=\"noopener\"><button class=\"price\"> 1180<\/button><\/a>\n\t\t\t\t\t\t\t<\/div>\n\t\t\t\t\t\t\t\t\t\t\t<\/div>\n\t\t\t\t<\/div>\n\t\t\t<\/li>\n\t\t\t\t<\/ul>\n<\/div>\n<style type=\"text\/css\" media=\"all\">.feedzy-rss .rss_item .rss_image{float:left;position:relative;border:none;text-decoration:none;max-width:100%}.feedzy-rss .rss_item .rss_image span{display:inline-block;position:absolute;width:100%;height:100%;background-position:50%;background-size:cover}.feedzy-rss .rss_item .rss_image{margin:.3em 1em 0 0;content-visibility:auto}.feedzy-rss ul{list-style:none}.feedzy-rss ul li{display:inline-block}<\/style>\n","protected":false},"excerpt":{"rendered":"<p>Cipro ad aprile \u00e8 un&#8217;ottima destinazione di vacanze, sia per il clima sia perch\u00e8 in questo mese primaverile ci sono feste e ponti. In poco pi\u00f9 di 3 ore di volo dall&#8217;Italia, raggiungerete una meta ricca di occasioni di divertimento per tutti, famiglie, coppie e gruppi di amici. Se andate a Cipro durante le vacanze <a class=\"moretag\" href=\"https:\/\/cipro.evolutiontravel.it\/infovacanze\/informazioni\/clima-cipro-aprile\/\">[&#8230;]<\/a><\/p>\n","protected":false},"author":1,"featured_media":0,"parent":11,"menu_order":0,"comment_status":"closed","ping_status":"open","template":"templates\/template-with-right-sidebar.php","meta":{"footnotes":""},"yoast_head":"<!-- This site is optimized with the Yoast SEO plugin v21.9.1 - https:\/\/yoast.com\/wordpress\/plugins\/seo\/ -->\n<title>Aprile a Cipro: meteo, temperature in vacanza sull&#039;isola<\/title>\n<meta name=\"description\" content=\"Pensi a una vacanza a Cipro ad aprile? Leggi il nostro articolo per saperne di pi\u00f9: meteo, clima e temperature e parti con le imperdibili offerte di Evolution Travel!\" \/>\n<meta name=\"robots\" content=\"index, follow, max-snippet:-1, max-image-preview:large, max-video-preview:-1\" \/>\n<link rel=\"canonical\" href=\"https:\/\/cipro.evolutiontravel.it\/infovacanze\/informazioni\/clima-cipro-aprile\/\" \/>\n<meta name=\"twitter:label1\" content=\"Tempo di lettura stimato\" \/>\n\t<meta name=\"twitter:data1\" content=\"1 minuto\" \/>\n<script type=\"application\/ld+json\" class=\"yoast-schema-graph\">{\"@context\":\"https:\/\/schema.org\",\"@graph\":[{\"@type\":\"WebPage\",\"@id\":\"https:\/\/cipro.evolutiontravel.it\/infovacanze\/informazioni\/clima-cipro-aprile\/\",\"url\":\"https:\/\/cipro.evolutiontravel.it\/infovacanze\/informazioni\/clima-cipro-aprile\/\",\"name\":\"Aprile a Cipro: meteo, temperature in vacanza sull'isola\",\"isPartOf\":{\"@id\":\"https:\/\/cipro.evolutiontravel.it\/infovacanze\/#website\"},\"datePublished\":\"2014-05-12T16:01:49+00:00\",\"dateModified\":\"2019-05-16T09:48:13+00:00\",\"description\":\"Pensi a una vacanza a Cipro ad aprile? Leggi il nostro articolo per saperne di pi\u00f9: meteo, clima e temperature e parti con le imperdibili offerte di Evolution Travel!\",\"breadcrumb\":{\"@id\":\"https:\/\/cipro.evolutiontravel.it\/infovacanze\/informazioni\/clima-cipro-aprile\/#breadcrumb\"},\"inLanguage\":\"it-IT\",\"potentialAction\":[{\"@type\":\"ReadAction\",\"target\":[\"https:\/\/cipro.evolutiontravel.it\/infovacanze\/informazioni\/clima-cipro-aprile\/\"]}]},{\"@type\":\"BreadcrumbList\",\"@id\":\"https:\/\/cipro.evolutiontravel.it\/infovacanze\/informazioni\/clima-cipro-aprile\/#breadcrumb\",\"itemListElement\":[{\"@type\":\"ListItem\",\"position\":1,\"name\":\"Informazioni su Cipro\",\"item\":\"https:\/\/cipro.evolutiontravel.it\/infovacanze\/informazioni\/\"},{\"@type\":\"ListItem\",\"position\":2,\"name\":\"Aprile a Cipro: che tempo fa?\"}]},{\"@type\":\"WebSite\",\"@id\":\"https:\/\/cipro.evolutiontravel.it\/infovacanze\/#website\",\"url\":\"https:\/\/cipro.evolutiontravel.it\/infovacanze\/\",\"name\":\"Cipro\",\"description\":\"\",\"potentialAction\":[{\"@type\":\"SearchAction\",\"target\":{\"@type\":\"EntryPoint\",\"urlTemplate\":\"https:\/\/cipro.evolutiontravel.it\/infovacanze\/?s={search_term_string}\"},\"query-input\":\"required name=search_term_string\"}],\"inLanguage\":\"it-IT\"}]}<\/script>\n<!-- \/ Yoast SEO plugin. -->","yoast_head_json":{"title":"Aprile a Cipro: meteo, temperature in vacanza sull'isola","description":"Pensi a una vacanza a Cipro ad aprile? Leggi il nostro articolo per saperne di pi\u00f9: meteo, clima e temperature e parti con le imperdibili offerte di Evolution Travel!","robots":{"index":"index","follow":"follow","max-snippet":"max-snippet:-1","max-image-preview":"max-image-preview:large","max-video-preview":"max-video-preview:-1"},"canonical":"https:\/\/cipro.evolutiontravel.it\/infovacanze\/informazioni\/clima-cipro-aprile\/","twitter_misc":{"Tempo di lettura stimato":"1 minuto"},"schema":{"@context":"https:\/\/schema.org","@graph":[{"@type":"WebPage","@id":"https:\/\/cipro.evolutiontravel.it\/infovacanze\/informazioni\/clima-cipro-aprile\/","url":"https:\/\/cipro.evolutiontravel.it\/infovacanze\/informazioni\/clima-cipro-aprile\/","name":"Aprile a Cipro: meteo, temperature in vacanza sull'isola","isPartOf":{"@id":"https:\/\/cipro.evolutiontravel.it\/infovacanze\/#website"},"datePublished":"2014-05-12T16:01:49+00:00","dateModified":"2019-05-16T09:48:13+00:00","description":"Pensi a una vacanza a Cipro ad aprile? Leggi il nostro articolo per saperne di pi\u00f9: meteo, clima e temperature e parti con le imperdibili offerte di Evolution Travel!","breadcrumb":{"@id":"https:\/\/cipro.evolutiontravel.it\/infovacanze\/informazioni\/clima-cipro-aprile\/#breadcrumb"},"inLanguage":"it-IT","potentialAction":[{"@type":"ReadAction","target":["https:\/\/cipro.evolutiontravel.it\/infovacanze\/informazioni\/clima-cipro-aprile\/"]}]},{"@type":"BreadcrumbList","@id":"https:\/\/cipro.evolutiontravel.it\/infovacanze\/informazioni\/clima-cipro-aprile\/#breadcrumb","itemListElement":[{"@type":"ListItem","position":1,"name":"Informazioni su Cipro","item":"https:\/\/cipro.evolutiontravel.it\/infovacanze\/informazioni\/"},{"@type":"ListItem","position":2,"name":"Aprile a Cipro: che tempo fa?"}]},{"@type":"WebSite","@id":"https:\/\/cipro.evolutiontravel.it\/infovacanze\/#website","url":"https:\/\/cipro.evolutiontravel.it\/infovacanze\/","name":"Cipro","description":"","potentialAction":[{"@type":"SearchAction","target":{"@type":"EntryPoint","urlTemplate":"https:\/\/cipro.evolutiontravel.it\/infovacanze\/?s={search_term_string}"},"query-input":"required name=search_term_string"}],"inLanguage":"it-IT"}]}},"_links":{"self":[{"href":"https:\/\/cipro.evolutiontravel.it\/infovacanze\/wp-json\/wp\/v2\/pages\/541"}],"collection":[{"href":"https:\/\/cipro.evolutiontravel.it\/infovacanze\/wp-json\/wp\/v2\/pages"}],"about":[{"href":"https:\/\/cipro.evolutiontravel.it\/infovacanze\/wp-json\/wp\/v2\/types\/page"}],"author":[{"embeddable":true,"href":"https:\/\/cipro.evolutiontravel.it\/infovacanze\/wp-json\/wp\/v2\/users\/1"}],"replies":[{"embeddable":true,"href":"https:\/\/cipro.evolutiontravel.it\/infovacanze\/wp-json\/wp\/v2\/comments?post=541"}],"version-history":[{"count":14,"href":"https:\/\/cipro.evolutiontravel.it\/infovacanze\/wp-json\/wp\/v2\/pages\/541\/revisions"}],"predecessor-version":[{"id":1073,"href":"https:\/\/cipro.evolutiontravel.it\/infovacanze\/wp-json\/wp\/v2\/pages\/541\/revisions\/1073"}],"up":[{"embeddable":true,"href":"https:\/\/cipro.evolutiontravel.it\/infovacanze\/wp-json\/wp\/v2\/pages\/11"}],"wp:attachment":[{"href":"https:\/\/cipro.evolutiontravel.it\/infovacanze\/wp-json\/wp\/v2\/media?parent=541"}],"curies":[{"name":"wp","href":"https:\/\/api.w.org\/{rel}","templated":true}]}}