{"id":958,"date":"2018-09-13T17:12:28","date_gmt":"2018-09-13T15:12:28","guid":{"rendered":"http:\/\/cipro.evolutiontravel.it\/infovacanze\/?page_id=958"},"modified":"2019-05-17T10:08:09","modified_gmt":"2019-05-17T08:08:09","slug":"guidare","status":"publish","type":"page","link":"https:\/\/cipro.evolutiontravel.it\/infovacanze\/informazioni\/guidare\/","title":{"rendered":"Guidare a Cipro"},"content":{"rendered":"<p>L&#8217;idea di <strong>visitare Cipro con un&#8217;auto a noleggio<\/strong> \u00e8 ottima: potrete girare per l&#8217;isola in lungo e largo in totale libert\u00e0. La prima cosa da sapere \u00e8 che <strong>la guida a Cipro \u00e8 a sinistra<\/strong>.<\/p>\n<p>Ovviamente dovete avere anche la <strong>patente con validit\u00e0 europea<\/strong> ed avere almeno <strong>21 anni<\/strong>.<\/p>\n<p>Le compagnie di autonoleggio sono molte, e ci sono ovviamente quelle pi\u00f9 note quali Hertz, Europcar, Avis ecc., e gli standard di sicurezza sono abbastanza elevati.<\/p>\n<p>Chi nolegger\u00e0 un auto sar\u00e0 coperto dall\u2019<strong>assicurazione obbligatoria<\/strong> appartenente al veicolo, mentre nella <strong>zona turca di Cipro<\/strong> \u00e8 necessario acquistare un\u2019assicurazione supplementare.<\/p>\n<p><strong>Le condizioni del manto stradale <\/strong>sull&#8217;isola non sono sempre ottimali: i centri urbani sono moderne citt\u00e0 con strade ed autostrade, ma basta allontanarsi un po\u2019 dagli agglomerati per ritrovarsi in strade di campagna, senza segnaletica e non asfaltate.<\/p>\n<p>Fra le norme di guida pi\u00f9 importanti ricordiamo che nei centri abitati la velocit\u00e0 massima consentita \u00e8 di 50 km\/h, sulle strade a scorrimento veloce il limite sale fino ai 100 km\/h.<\/p>\n<p><strong>I trasporti di Cipro<\/strong> sono:<\/p>\n<ul>\n<li><strong>autobus urbani<\/strong> che effettuano tratte con una buona frequenza soprattutto durante le ore diurne e soprattutto in zone a forte richiamo turistico durante il periodo estivo.<\/li>\n<li>Gli <strong>autobus interurbani<\/strong> che collegano le grandi citt\u00e0 tra di loro, servizio svolto da diverse compagnie private locali.<\/li>\n<li>Gli <strong>autobus di campagna<\/strong> che collegano i piccoli villaggi ciprioti con le citt\u00e0 grandi citt\u00e0 limitrofe.<\/li>\n<\/ul>\n<p><strong>L\u2019aeroporto pi\u00f9 importante dell\u2019isola<\/strong> \u00e8\u00a0 <a href=\"https:\/\/cipro.evolutiontravel.it\/infovacanze\/destinazioni\/larnaca\/\"><strong>Larnaca<\/strong><\/a>, da qui esistono pullman che effettuano corse diurne per raggiungere il centro. Se arrivi durante la notte, l\u2019unico modo per raggiungere il centro \u00e8 con un taxi, oppure ricorrere ad una delle tante agenzie private che noleggiano automobili.<\/p>\n<p>&nbsp;<\/p>\n<h3 style=\"text-align: center\">OFFERTE VIAGGI E VACANZE A CIPRO<\/h3>\n<p style=\"text-align: center\"><strong>Vuoi scoprire in un solo click tutte le nostre migliori offerte per Cipro?<\/strong><\/p>\n<p style=\"text-align: center\"><strong><span style=\"color: #008000\">CLICCA ADESSO E NON PERDERE L&#8217;OCCASIONE<\/span><\/strong>:<\/p>\n<p style=\"text-align: center\"><strong>programma dettagliato<\/strong>,<strong> foto<\/strong>, <strong>commenti<\/strong> dei viaggiatori, <strong>itinerari<\/strong> e <strong>servizi inclusi<\/strong>!<\/p>\n<div class=\"feedzy-f9e29e6330588040bd863a1de419ab68 feedzy-rss\"><ul>Feed has no items.<\/ul> <\/div>\n","protected":false},"excerpt":{"rendered":"<p>L&#8217;idea di visitare Cipro con un&#8217;auto a noleggio \u00e8 ottima: potrete girare per l&#8217;isola in lungo e largo in totale libert\u00e0. La prima cosa da sapere \u00e8 che la guida a Cipro \u00e8 a sinistra. Ovviamente dovete avere anche la patente con validit\u00e0 europea ed avere almeno 21 anni. Le compagnie di autonoleggio sono molte, <a class=\"moretag\" href=\"https:\/\/cipro.evolutiontravel.it\/infovacanze\/informazioni\/guidare\/\">[&#8230;]<\/a><\/p>\n","protected":false},"author":6,"featured_media":0,"parent":11,"menu_order":0,"comment_status":"closed","ping_status":"closed","template":"templates\/template-with-right-sidebar.php","meta":{"footnotes":""},"yoast_head":"<!-- This site is optimized with the Yoast SEO plugin v21.9.1 - https:\/\/yoast.com\/wordpress\/plugins\/seo\/ -->\n<title>Guidare a Cipro: noleggio auto e trasporti sull&#039;isola<\/title>\n<meta name=\"description\" content=\"Se pensi a noleggiare un&#039;auto per visitare Cipro ecco alcune informazioni utili per la vacanza: leggi il nostro articolo, parti con noi!\" \/>\n<meta name=\"robots\" content=\"index, follow, max-snippet:-1, max-image-preview:large, max-video-preview:-1\" \/>\n<link rel=\"canonical\" href=\"https:\/\/cipro.evolutiontravel.it\/infovacanze\/informazioni\/guidare\/\" \/>\n<meta name=\"twitter:label1\" content=\"Tempo di lettura stimato\" \/>\n\t<meta name=\"twitter:data1\" content=\"2 minuti\" \/>\n<script type=\"application\/ld+json\" class=\"yoast-schema-graph\">{\"@context\":\"https:\/\/schema.org\",\"@graph\":[{\"@type\":\"WebPage\",\"@id\":\"https:\/\/cipro.evolutiontravel.it\/infovacanze\/informazioni\/guidare\/\",\"url\":\"https:\/\/cipro.evolutiontravel.it\/infovacanze\/informazioni\/guidare\/\",\"name\":\"Guidare a Cipro: noleggio auto e trasporti sull'isola\",\"isPartOf\":{\"@id\":\"https:\/\/cipro.evolutiontravel.it\/infovacanze\/#website\"},\"datePublished\":\"2018-09-13T15:12:28+00:00\",\"dateModified\":\"2019-05-17T08:08:09+00:00\",\"description\":\"Se pensi a noleggiare un'auto per visitare Cipro ecco alcune informazioni utili per la vacanza: leggi il nostro articolo, parti con noi!\",\"breadcrumb\":{\"@id\":\"https:\/\/cipro.evolutiontravel.it\/infovacanze\/informazioni\/guidare\/#breadcrumb\"},\"inLanguage\":\"it-IT\",\"potentialAction\":[{\"@type\":\"ReadAction\",\"target\":[\"https:\/\/cipro.evolutiontravel.it\/infovacanze\/informazioni\/guidare\/\"]}]},{\"@type\":\"BreadcrumbList\",\"@id\":\"https:\/\/cipro.evolutiontravel.it\/infovacanze\/informazioni\/guidare\/#breadcrumb\",\"itemListElement\":[{\"@type\":\"ListItem\",\"position\":1,\"name\":\"Informazioni su Cipro\",\"item\":\"https:\/\/cipro.evolutiontravel.it\/infovacanze\/informazioni\/\"},{\"@type\":\"ListItem\",\"position\":2,\"name\":\"Guidare a Cipro\"}]},{\"@type\":\"WebSite\",\"@id\":\"https:\/\/cipro.evolutiontravel.it\/infovacanze\/#website\",\"url\":\"https:\/\/cipro.evolutiontravel.it\/infovacanze\/\",\"name\":\"Cipro\",\"description\":\"\",\"potentialAction\":[{\"@type\":\"SearchAction\",\"target\":{\"@type\":\"EntryPoint\",\"urlTemplate\":\"https:\/\/cipro.evolutiontravel.it\/infovacanze\/?s={search_term_string}\"},\"query-input\":\"required name=search_term_string\"}],\"inLanguage\":\"it-IT\"}]}<\/script>\n<!-- \/ Yoast SEO plugin. -->","yoast_head_json":{"title":"Guidare a Cipro: noleggio auto e trasporti sull'isola","description":"Se pensi a noleggiare un'auto per visitare Cipro ecco alcune informazioni utili per la vacanza: leggi il nostro articolo, parti con noi!","robots":{"index":"index","follow":"follow","max-snippet":"max-snippet:-1","max-image-preview":"max-image-preview:large","max-video-preview":"max-video-preview:-1"},"canonical":"https:\/\/cipro.evolutiontravel.it\/infovacanze\/informazioni\/guidare\/","twitter_misc":{"Tempo di lettura stimato":"2 minuti"},"schema":{"@context":"https:\/\/schema.org","@graph":[{"@type":"WebPage","@id":"https:\/\/cipro.evolutiontravel.it\/infovacanze\/informazioni\/guidare\/","url":"https:\/\/cipro.evolutiontravel.it\/infovacanze\/informazioni\/guidare\/","name":"Guidare a Cipro: noleggio auto e trasporti sull'isola","isPartOf":{"@id":"https:\/\/cipro.evolutiontravel.it\/infovacanze\/#website"},"datePublished":"2018-09-13T15:12:28+00:00","dateModified":"2019-05-17T08:08:09+00:00","description":"Se pensi a noleggiare un'auto per visitare Cipro ecco alcune informazioni utili per la vacanza: leggi il nostro articolo, parti con noi!","breadcrumb":{"@id":"https:\/\/cipro.evolutiontravel.it\/infovacanze\/informazioni\/guidare\/#breadcrumb"},"inLanguage":"it-IT","potentialAction":[{"@type":"ReadAction","target":["https:\/\/cipro.evolutiontravel.it\/infovacanze\/informazioni\/guidare\/"]}]},{"@type":"BreadcrumbList","@id":"https:\/\/cipro.evolutiontravel.it\/infovacanze\/informazioni\/guidare\/#breadcrumb","itemListElement":[{"@type":"ListItem","position":1,"name":"Informazioni su Cipro","item":"https:\/\/cipro.evolutiontravel.it\/infovacanze\/informazioni\/"},{"@type":"ListItem","position":2,"name":"Guidare a Cipro"}]},{"@type":"WebSite","@id":"https:\/\/cipro.evolutiontravel.it\/infovacanze\/#website","url":"https:\/\/cipro.evolutiontravel.it\/infovacanze\/","name":"Cipro","description":"","potentialAction":[{"@type":"SearchAction","target":{"@type":"EntryPoint","urlTemplate":"https:\/\/cipro.evolutiontravel.it\/infovacanze\/?s={search_term_string}"},"query-input":"required name=search_term_string"}],"inLanguage":"it-IT"}]}},"_links":{"self":[{"href":"https:\/\/cipro.evolutiontravel.it\/infovacanze\/wp-json\/wp\/v2\/pages\/958"}],"collection":[{"href":"https:\/\/cipro.evolutiontravel.it\/infovacanze\/wp-json\/wp\/v2\/pages"}],"about":[{"href":"https:\/\/cipro.evolutiontravel.it\/infovacanze\/wp-json\/wp\/v2\/types\/page"}],"author":[{"embeddable":true,"href":"https:\/\/cipro.evolutiontravel.it\/infovacanze\/wp-json\/wp\/v2\/users\/6"}],"replies":[{"embeddable":true,"href":"https:\/\/cipro.evolutiontravel.it\/infovacanze\/wp-json\/wp\/v2\/comments?post=958"}],"version-history":[{"count":4,"href":"https:\/\/cipro.evolutiontravel.it\/infovacanze\/wp-json\/wp\/v2\/pages\/958\/revisions"}],"predecessor-version":[{"id":1081,"href":"https:\/\/cipro.evolutiontravel.it\/infovacanze\/wp-json\/wp\/v2\/pages\/958\/revisions\/1081"}],"up":[{"embeddable":true,"href":"https:\/\/cipro.evolutiontravel.it\/infovacanze\/wp-json\/wp\/v2\/pages\/11"}],"wp:attachment":[{"href":"https:\/\/cipro.evolutiontravel.it\/infovacanze\/wp-json\/wp\/v2\/media?parent=958"}],"curies":[{"name":"wp","href":"https:\/\/api.w.org\/{rel}","templated":true}]}}