{"id":961,"date":"2018-09-13T17:22:39","date_gmt":"2018-09-13T15:22:39","guid":{"rendered":"http:\/\/cipro.evolutiontravel.it\/infovacanze\/?page_id=961"},"modified":"2019-05-17T10:14:04","modified_gmt":"2019-05-17T08:14:04","slug":"assicurazione-viaggio","status":"publish","type":"page","link":"https:\/\/cipro.evolutiontravel.it\/infovacanze\/informazioni\/assicurazione-viaggio\/","title":{"rendered":"Assicurazione e assistenza sanitaria"},"content":{"rendered":"<p>Se la vostra prossima vacanza \u00e8 a Cipro sar\u00e0 utile avere informazioni sull&#8217;<strong>assicurazione di viaggio<\/strong> e <strong>assistenza sanitaria<\/strong>. Partire informati \u00e8 sempre il modo migliore per vivere la vacanza senza sorprese.<\/p>\n<p>A Cipro assistenza sanitaria e cure ospedaliere per i turisti sono <strong>totalmente gratuite<\/strong> nel caso in cui si tratti di <strong>un\u2019emergenza<\/strong>.<\/p>\n<p>Basta rivolgersi ad un pronto soccorso o ad una delle diverse strutture mediche pubbliche presenti in diverse zone dell\u2019Isola. \u00c8 possibile inoltre usare la propria assicurazione sanitaria nel caso in cui il viaggiatore ne abbia gi\u00e0 una propria. Verificate per tempo per\u00f2 la validit\u00e0 della stessa.<\/p>\n<p>Per andare a Cipro <strong>non c&#8217;\u00e8 vaccinazione obbligatoria<\/strong>, perch\u00e9 non ci sono malattie infettive pericolose. Sono per\u00f2 da segnalare alcuni rari casi di gastroenterite, epatite virale e meningite.<\/p>\n<p><strong>I cittadini italiani<\/strong> che decidono di recarsi temporaneamente nel Paese (ovviamente nella zona europea), che si tratti di un viaggio di studio, turismo o lavoro, possono ricevere le cure mediche necessarie previste dall\u2019assistenza sanitaria locale. Basta disporre della tessera sanitaria europea di Assicurazione (TEAM), detta anche comunemente tessera sanitaria.<\/p>\n<p>Consigliamo inoltre di <strong>stipulare, prima della partenza, un\u2019assicurazione sanitaria<\/strong> che copra, oltre alle spese mediche presso le strutture sanitarie pubbliche e private, l\u2019eventuale rimpatrio aereo in caso di necessit\u00e0. Non tutte le assicurazioni prevedono questa possibilit\u00e0, <strong>prima di partire informatevi in merito.<\/strong><\/p>\n<p>Trattandosi di un paese della comunit\u00e0 Europea le norme adottate in fatto di assistenza sanitaria sono abbastanza simili al resto dell\u2019Europa.<\/p>\n<p>Non ci sono particolari avvertenze per l&#8217;igiene: l\u2019acqua corrente \u00e8 potabile nella maggior parte dei casi. Si consiglia inoltre di non bere acqua che provenga direttamente dai serbatoi e dalle cisterne che sono posizionate sugli edifici. Per scongiurare qualsiasi rischio si consiglia di bere solo acqua imbottigliata e di non aggiungere del ghiaccio alle bevande.<\/p>\n<p><strong>Questi semplici accorgimenti<\/strong> prima e durante il vostro soggiorno vi permetteranno di godere al meglio della vostra vacanza.<\/p>\n<p><strong>Maggiore accortezza va fatta nella zona turca di Cipro<\/strong> dove potreste avere dei problemi con la tessera sanitaria.<\/p>\n<p>Un viaggio come questo merita le giuste attenzioni, cos\u00ec da poter dedicare il vostro tempo a godere delle magnifiche spiagge locali e delle bellissime citt\u00e0 a cavallo tra oriente ed occidente.<\/p>\n<p>&nbsp;<\/p>\n<h3 style=\"text-align: center\"><span style=\"color: #008000\">ULTIME OFFERTE PER CIPRO<\/span><\/h3>\n<h3 style=\"text-align: center\">da firmate Evolution Travel<\/h3>\n<p style=\"text-align: center\"><span style=\"color: #008000\"><strong>CLICCA E SCOPRI SUBITO<\/strong><\/span>: <strong>programma<\/strong>, <strong>foto<\/strong>, <strong>commenti<\/strong>, <strong>itinerari<\/strong>, <strong>servizi inclusi<\/strong> e altro ancora!<\/p>\n<div class=\"feedzy-c6867a7d52e0dd32bcb61b0f4bc71689 feedzy-rss\">\n\t\t<ul class=\"feedzy-style2\">\n\t\t\t\t\t<li  style=\"padding: 23px 0 38px\" class=\"rss_item feedzy-rss-col-3\" >\n\t\t\t\t\t\t\t\t\t<div class=\"rss_image\" style=\"width:225px; height:225px;\">\n\t\t\t\t\t\t<a href=\"https:\/\/cipro.evolutiontravel.it\/it_IT\/895\/tab\/35770_alpiselect-melissi-beach-4-stelle.html\" target=\"_blank\" \n\t\t\t\t\t\t\trel=\"noopener \"\n\t\t\t\t\t\t\ttitle=\"Alpiselect Melissi Beach 4 Stelle\"\n\t\t\t\t\t\t\tstyle=\"width:225px; height:225px;\">\n\t\t\t\t\t\t\t<span class=\"fetched\" style=\"background-image:  url('http:\/\/etcdn.net\/thumbnails\/35770\/it-ayia-napa-alpiselect-melissi-beach-4-stelle-86b78.jpg');\" title=\"Alpiselect Melissi Beach 4 Stelle\"><\/span><amp-img width=\"225\" height=\"225\" src=\"http:\/\/etcdn.net\/thumbnails\/35770\/it-ayia-napa-alpiselect-melissi-beach-4-stelle-86b78.jpg\">\t\t\t\t\t\t<\/a>\n\t\t\t\t\t<\/div>\n\t\t\t\t\t\t\t\t<div class=\"rss_content_wrap\">\n\t\t\t\t\t<span class=\"title\">\n\t\t\t\t\t\t<a href=\"https:\/\/cipro.evolutiontravel.it\/it_IT\/895\/tab\/35770_alpiselect-melissi-beach-4-stelle.html\" target=\"_blank\"  rel=\"noopener \">\n\t\t\t\t\t\t\tAlpiselect Melissi Beach 4 Stelle\t\t\t\t\t\t<\/a>\n\t\t\t\t\t<\/span>\n\t\t\t\t\t<div class=\"rss_content\"\n\t\t\t\t\t\t\tstyle=\"\">\n\t\t\t\t\t\t\n\t\t\t\t\t\t\t\t\t\t\t\t<p class=\"description\">Hotel moderno ed elegante, situato in ottima posizione, direttamente su di una splendida spiaggia e a pochi minuti dal centro [&hellip;]<\/p>\n\t\t\t\t\t\t\n\t\t\t\t\t\t\t\t\t\t\t\t\t\t\t\t\t\t\t<div class=\"price-wrap\">\n\t\t\t\t\t\t\t\t<a href=\"https:\/\/cipro.evolutiontravel.it\/it_IT\/895\/tab\/35770_alpiselect-melissi-beach-4-stelle.html\" target=\"_blank\" rel=\"noopener\"><button class=\"price\"> 1420<\/button><\/a>\n\t\t\t\t\t\t\t<\/div>\n\t\t\t\t\t\t\t\t\t\t\t<\/div>\n\t\t\t\t<\/div>\n\t\t\t<\/li>\n\t\t\t\t\t\t<li  style=\"padding: 23px 0 38px\" class=\"rss_item feedzy-rss-col-3\" >\n\t\t\t\t\t\t\t\t\t<div class=\"rss_image\" style=\"width:225px; height:225px;\">\n\t\t\t\t\t\t<a href=\"https:\/\/cipro.evolutiontravel.it\/it_IT\/895\/tab\/26100_alpiselect-atlantica-callisto.html\" target=\"_blank\" \n\t\t\t\t\t\t\trel=\"noopener \"\n\t\t\t\t\t\t\ttitle=\"Alpiselect Atlantica Callisto\"\n\t\t\t\t\t\t\tstyle=\"width:225px; height:225px;\">\n\t\t\t\t\t\t\t<span class=\"fetched\" style=\"background-image:  url('http:\/\/etcdn.net\/thumbnails\/26100\/it-ayia-napa-alpiselect-atlantica-callisto-7ff63.jpg');\" title=\"Alpiselect Atlantica Callisto\"><\/span><amp-img width=\"225\" height=\"225\" src=\"http:\/\/etcdn.net\/thumbnails\/26100\/it-ayia-napa-alpiselect-atlantica-callisto-7ff63.jpg\">\t\t\t\t\t\t<\/a>\n\t\t\t\t\t<\/div>\n\t\t\t\t\t\t\t\t<div class=\"rss_content_wrap\">\n\t\t\t\t\t<span class=\"title\">\n\t\t\t\t\t\t<a href=\"https:\/\/cipro.evolutiontravel.it\/it_IT\/895\/tab\/26100_alpiselect-atlantica-callisto.html\" target=\"_blank\"  rel=\"noopener \">\n\t\t\t\t\t\t\tAlpiselect Atlantica Callisto\t\t\t\t\t\t<\/a>\n\t\t\t\t\t<\/span>\n\t\t\t\t\t<div class=\"rss_content\"\n\t\t\t\t\t\t\tstyle=\"\">\n\t\t\t\t\t\t\n\t\t\t\t\t\t\t\t\t\t\t\t<p class=\"description\">Posizione strategica, si trova infatti a pochi chilometri dal centro di Ayia Napa e direttamente sulla spiaggia di sabbia di [&hellip;]<\/p>\n\t\t\t\t\t\t\n\t\t\t\t\t\t\t\t\t\t\t\t\t\t\t\t\t\t\t<div class=\"price-wrap\">\n\t\t\t\t\t\t\t\t<a href=\"https:\/\/cipro.evolutiontravel.it\/it_IT\/895\/tab\/26100_alpiselect-atlantica-callisto.html\" target=\"_blank\" rel=\"noopener\"><button class=\"price\"> 1035<\/button><\/a>\n\t\t\t\t\t\t\t<\/div>\n\t\t\t\t\t\t\t\t\t\t\t<\/div>\n\t\t\t\t<\/div>\n\t\t\t<\/li>\n\t\t\t\t\t\t<li  style=\"padding: 23px 0 38px\" class=\"rss_item feedzy-rss-col-3\" >\n\t\t\t\t\t\t\t\t\t<div class=\"rss_image\" style=\"width:225px; height:225px;\">\n\t\t\t\t\t\t<a href=\"https:\/\/cipro.evolutiontravel.it\/it_IT\/895\/tab\/26096_seaclub-asterias-beach.html\" target=\"_blank\" \n\t\t\t\t\t\t\trel=\"noopener \"\n\t\t\t\t\t\t\ttitle=\"Seaclub Asterias Beach\"\n\t\t\t\t\t\t\tstyle=\"width:225px; height:225px;\">\n\t\t\t\t\t\t\t<span class=\"fetched\" style=\"background-image:  url('http:\/\/etcdn.net\/thumbnails\/26096\/it-ayia-napa-seaclub-asterias-beach-7ff57.jpg');\" title=\"Seaclub Asterias Beach\"><\/span><amp-img width=\"225\" height=\"225\" src=\"http:\/\/etcdn.net\/thumbnails\/26096\/it-ayia-napa-seaclub-asterias-beach-7ff57.jpg\">\t\t\t\t\t\t<\/a>\n\t\t\t\t\t<\/div>\n\t\t\t\t\t\t\t\t<div class=\"rss_content_wrap\">\n\t\t\t\t\t<span class=\"title\">\n\t\t\t\t\t\t<a href=\"https:\/\/cipro.evolutiontravel.it\/it_IT\/895\/tab\/26096_seaclub-asterias-beach.html\" target=\"_blank\"  rel=\"noopener \">\n\t\t\t\t\t\t\tSeaclub Asterias Beach\t\t\t\t\t\t<\/a>\n\t\t\t\t\t<\/span>\n\t\t\t\t\t<div class=\"rss_content\"\n\t\t\t\t\t\t\tstyle=\"\">\n\t\t\t\t\t\t\n\t\t\t\t\t\t\t\t\t\t\t\t<p class=\"description\">Sorge sulla baia di Makronissos \"Bandiera Blu\" famosa per l'acqua cristallina e la spiaggia di sabbia bianca e fine. A due passi [&hellip;]<\/p>\n\t\t\t\t\t\t\n\t\t\t\t\t\t\t\t\t\t\t\t\t\t\t\t\t\t\t<div class=\"price-wrap\">\n\t\t\t\t\t\t\t\t<a href=\"https:\/\/cipro.evolutiontravel.it\/it_IT\/895\/tab\/26096_seaclub-asterias-beach.html\" target=\"_blank\" rel=\"noopener\"><button class=\"price\"> 1200<\/button><\/a>\n\t\t\t\t\t\t\t<\/div>\n\t\t\t\t\t\t\t\t\t\t\t<\/div>\n\t\t\t\t<\/div>\n\t\t\t<\/li>\n\t\t\t\t\t\t<li  style=\"padding: 23px 0 38px\" class=\"rss_item feedzy-rss-col-3\" >\n\t\t\t\t\t\t\t\t\t<div class=\"rss_image\" style=\"width:225px; height:225px;\">\n\t\t\t\t\t\t<a href=\"https:\/\/cipro.evolutiontravel.it\/it_IT\/895\/tab\/26970_bravo-kaya-artemis-resort.html\" target=\"_blank\" \n\t\t\t\t\t\t\trel=\"noopener \"\n\t\t\t\t\t\t\ttitle=\"Bravo Kaya Artemis Resort\"\n\t\t\t\t\t\t\tstyle=\"width:225px; height:225px;\">\n\t\t\t\t\t\t\t<span class=\"fetched\" style=\"background-image:  url('http:\/\/etcdn.net\/thumbnails\/26970\/it-bafra-alpiclub-kaya-artemis-resort-7ff0f.jpg');\" title=\"Bravo Kaya Artemis Resort\"><\/span><amp-img width=\"225\" height=\"225\" src=\"http:\/\/etcdn.net\/thumbnails\/26970\/it-bafra-alpiclub-kaya-artemis-resort-7ff0f.jpg\">\t\t\t\t\t\t<\/a>\n\t\t\t\t\t<\/div>\n\t\t\t\t\t\t\t\t<div class=\"rss_content_wrap\">\n\t\t\t\t\t<span class=\"title\">\n\t\t\t\t\t\t<a href=\"https:\/\/cipro.evolutiontravel.it\/it_IT\/895\/tab\/26970_bravo-kaya-artemis-resort.html\" target=\"_blank\"  rel=\"noopener \">\n\t\t\t\t\t\t\tBravo Kaya Artemis Resort\t\t\t\t\t\t<\/a>\n\t\t\t\t\t<\/span>\n\t\t\t\t\t<div class=\"rss_content\"\n\t\t\t\t\t\t\tstyle=\"\">\n\t\t\t\t\t\t\n\t\t\t\t\t\t\t\t\t\t\t\t<p class=\"description\">Alla scoperta di un mare limpidissimo tra siti archeologici, mosaici e affreschi bizantini in un crocevia di antiche culture. [&hellip;]<\/p>\n\t\t\t\t\t\t\n\t\t\t\t\t\t\t\t\t\t\t\t\t\t\t\t\t\t\t<div class=\"price-wrap\">\n\t\t\t\t\t\t\t\t<a href=\"https:\/\/cipro.evolutiontravel.it\/it_IT\/895\/tab\/26970_bravo-kaya-artemis-resort.html\" target=\"_blank\" rel=\"noopener\"><button class=\"price\"> 1215<\/button><\/a>\n\t\t\t\t\t\t\t<\/div>\n\t\t\t\t\t\t\t\t\t\t\t<\/div>\n\t\t\t\t<\/div>\n\t\t\t<\/li>\n\t\t\t\t\t\t<li  style=\"padding: 23px 0 38px\" class=\"rss_item feedzy-rss-col-3\" >\n\t\t\t\t\t\t\t\t\t<div class=\"rss_image\" style=\"width:225px; height:225px;\">\n\t\t\t\t\t\t<a href=\"https:\/\/cipro.evolutiontravel.it\/it_IT\/895\/tab\/26098_hotel-corfu.html\" target=\"_blank\" \n\t\t\t\t\t\t\trel=\"noopener \"\n\t\t\t\t\t\t\ttitle=\"Hotel Corfu\"\n\t\t\t\t\t\t\tstyle=\"width:225px; height:225px;\">\n\t\t\t\t\t\t\t<span class=\"fetched\" style=\"background-image:  url('http:\/\/etcdn.net\/thumbnails\/26098\/it-ayia-napa-hotel-corfu-80091.jpg');\" title=\"Hotel Corfu\"><\/span><amp-img width=\"225\" height=\"225\" src=\"http:\/\/etcdn.net\/thumbnails\/26098\/it-ayia-napa-hotel-corfu-80091.jpg\">\t\t\t\t\t\t<\/a>\n\t\t\t\t\t<\/div>\n\t\t\t\t\t\t\t\t<div class=\"rss_content_wrap\">\n\t\t\t\t\t<span class=\"title\">\n\t\t\t\t\t\t<a href=\"https:\/\/cipro.evolutiontravel.it\/it_IT\/895\/tab\/26098_hotel-corfu.html\" target=\"_blank\"  rel=\"noopener \">\n\t\t\t\t\t\t\tHotel Corfu\t\t\t\t\t\t<\/a>\n\t\t\t\t\t<\/span>\n\t\t\t\t\t<div class=\"rss_content\"\n\t\t\t\t\t\t\tstyle=\"\">\n\t\t\t\t\t\t\n\t\t\t\t\t\t\t\t\t\t\t\t<p class=\"description\">Hotel gradevole a vocazione internazionale, in seconda linea rispetto alla spiaggia di Limanaki, raggiungibile a piedi tramite un [&hellip;]<\/p>\n\t\t\t\t\t\t\n\t\t\t\t\t\t\t\t\t\t\t\t\t\t\t\t\t\t\t<div class=\"price-wrap\">\n\t\t\t\t\t\t\t\t<a href=\"https:\/\/cipro.evolutiontravel.it\/it_IT\/895\/tab\/26098_hotel-corfu.html\" target=\"_blank\" rel=\"noopener\"><button class=\"price\"> 670<\/button><\/a>\n\t\t\t\t\t\t\t<\/div>\n\t\t\t\t\t\t\t\t\t\t\t<\/div>\n\t\t\t\t<\/div>\n\t\t\t<\/li>\n\t\t\t\t\t\t<li  style=\"padding: 23px 0 38px\" class=\"rss_item feedzy-rss-col-3\" >\n\t\t\t\t\t\t\t\t\t<div class=\"rss_image\" style=\"width:225px; height:225px;\">\n\t\t\t\t\t\t<a href=\"https:\/\/cipro.evolutiontravel.it\/it_IT\/895\/tab\/40719_veraclub-so-nice.html\" target=\"_blank\" \n\t\t\t\t\t\t\trel=\"noopener \"\n\t\t\t\t\t\t\ttitle=\"Veraclub So Nice\"\n\t\t\t\t\t\t\tstyle=\"width:225px; height:225px;\">\n\t\t\t\t\t\t\t<span class=\"fetched\" style=\"background-image:  url('http:\/\/etcdn.net\/thumbnails\/40719\/it-ayia-napa-veraclub-so-nice-82c70.jpg');\" title=\"Veraclub So Nice\"><\/span><amp-img width=\"225\" height=\"225\" src=\"http:\/\/etcdn.net\/thumbnails\/40719\/it-ayia-napa-veraclub-so-nice-82c70.jpg\">\t\t\t\t\t\t<\/a>\n\t\t\t\t\t<\/div>\n\t\t\t\t\t\t\t\t<div class=\"rss_content_wrap\">\n\t\t\t\t\t<span class=\"title\">\n\t\t\t\t\t\t<a href=\"https:\/\/cipro.evolutiontravel.it\/it_IT\/895\/tab\/40719_veraclub-so-nice.html\" target=\"_blank\"  rel=\"noopener \">\n\t\t\t\t\t\t\tVeraclub So Nice\t\t\t\t\t\t<\/a>\n\t\t\t\t\t<\/span>\n\t\t\t\t\t<div class=\"rss_content\"\n\t\t\t\t\t\t\tstyle=\"\">\n\t\t\t\t\t\t\n\t\t\t\t\t\t\t\t\t\t\t\t<p class=\"description\">Un\u2019estate tra storia, mare e relax: lasciati incantare dal fascino millenario di\u00a0Cipro, dove storia e mito si intrecciano con [&hellip;]<\/p>\n\t\t\t\t\t\t\n\t\t\t\t\t\t\t\t\t\t\t\t\t\t\t\t\t\t\t<div class=\"price-wrap\">\n\t\t\t\t\t\t\t\t<a href=\"https:\/\/cipro.evolutiontravel.it\/it_IT\/895\/tab\/40719_veraclub-so-nice.html\" target=\"_blank\" rel=\"noopener\"><button class=\"price\"> 1180<\/button><\/a>\n\t\t\t\t\t\t\t<\/div>\n\t\t\t\t\t\t\t\t\t\t\t<\/div>\n\t\t\t\t<\/div>\n\t\t\t<\/li>\n\t\t\t\t<\/ul>\n<\/div>\n<style type=\"text\/css\" media=\"all\">.feedzy-rss .rss_item .rss_image{float:left;position:relative;border:none;text-decoration:none;max-width:100%}.feedzy-rss .rss_item .rss_image span{display:inline-block;position:absolute;width:100%;height:100%;background-position:50%;background-size:cover}.feedzy-rss .rss_item .rss_image{margin:.3em 1em 0 0;content-visibility:auto}.feedzy-rss ul{list-style:none}.feedzy-rss ul li{display:inline-block}<\/style>\n","protected":false},"excerpt":{"rendered":"<p>Se la vostra prossima vacanza \u00e8 a Cipro sar\u00e0 utile avere informazioni sull&#8217;assicurazione di viaggio e assistenza sanitaria. Partire informati \u00e8 sempre il modo migliore per vivere la vacanza senza sorprese. A Cipro assistenza sanitaria e cure ospedaliere per i turisti sono totalmente gratuite nel caso in cui si tratti di un\u2019emergenza. Basta rivolgersi ad <a class=\"moretag\" href=\"https:\/\/cipro.evolutiontravel.it\/infovacanze\/informazioni\/assicurazione-viaggio\/\">[&#8230;]<\/a><\/p>\n","protected":false},"author":6,"featured_media":0,"parent":11,"menu_order":0,"comment_status":"closed","ping_status":"closed","template":"templates\/template-with-right-sidebar.php","meta":{"footnotes":""},"yoast_head":"<!-- This site is optimized with the Yoast SEO plugin v21.9.1 - https:\/\/yoast.com\/wordpress\/plugins\/seo\/ -->\n<title>Cipro: assicurazione viaggio e assistenza sanitaria - Evolution Travel<\/title>\n<meta name=\"description\" content=\"Informazioni utili per il tuo viaggio a Cipro: assicurazione e assistenza sanitaria. Parti informato e prenota con noi le migliori offerte!\" \/>\n<meta name=\"robots\" content=\"index, follow, max-snippet:-1, max-image-preview:large, max-video-preview:-1\" \/>\n<link rel=\"canonical\" href=\"https:\/\/cipro.evolutiontravel.it\/infovacanze\/informazioni\/assicurazione-viaggio\/\" \/>\n<meta name=\"twitter:label1\" content=\"Tempo di lettura stimato\" \/>\n\t<meta name=\"twitter:data1\" content=\"2 minuti\" \/>\n<script type=\"application\/ld+json\" class=\"yoast-schema-graph\">{\"@context\":\"https:\/\/schema.org\",\"@graph\":[{\"@type\":\"WebPage\",\"@id\":\"https:\/\/cipro.evolutiontravel.it\/infovacanze\/informazioni\/assicurazione-viaggio\/\",\"url\":\"https:\/\/cipro.evolutiontravel.it\/infovacanze\/informazioni\/assicurazione-viaggio\/\",\"name\":\"Cipro: assicurazione viaggio e assistenza sanitaria - Evolution Travel\",\"isPartOf\":{\"@id\":\"https:\/\/cipro.evolutiontravel.it\/infovacanze\/#website\"},\"datePublished\":\"2018-09-13T15:22:39+00:00\",\"dateModified\":\"2019-05-17T08:14:04+00:00\",\"description\":\"Informazioni utili per il tuo viaggio a Cipro: assicurazione e assistenza sanitaria. Parti informato e prenota con noi le migliori offerte!\",\"breadcrumb\":{\"@id\":\"https:\/\/cipro.evolutiontravel.it\/infovacanze\/informazioni\/assicurazione-viaggio\/#breadcrumb\"},\"inLanguage\":\"it-IT\",\"potentialAction\":[{\"@type\":\"ReadAction\",\"target\":[\"https:\/\/cipro.evolutiontravel.it\/infovacanze\/informazioni\/assicurazione-viaggio\/\"]}]},{\"@type\":\"BreadcrumbList\",\"@id\":\"https:\/\/cipro.evolutiontravel.it\/infovacanze\/informazioni\/assicurazione-viaggio\/#breadcrumb\",\"itemListElement\":[{\"@type\":\"ListItem\",\"position\":1,\"name\":\"Informazioni su Cipro\",\"item\":\"https:\/\/cipro.evolutiontravel.it\/infovacanze\/informazioni\/\"},{\"@type\":\"ListItem\",\"position\":2,\"name\":\"Assicurazione e assistenza sanitaria\"}]},{\"@type\":\"WebSite\",\"@id\":\"https:\/\/cipro.evolutiontravel.it\/infovacanze\/#website\",\"url\":\"https:\/\/cipro.evolutiontravel.it\/infovacanze\/\",\"name\":\"Cipro\",\"description\":\"\",\"potentialAction\":[{\"@type\":\"SearchAction\",\"target\":{\"@type\":\"EntryPoint\",\"urlTemplate\":\"https:\/\/cipro.evolutiontravel.it\/infovacanze\/?s={search_term_string}\"},\"query-input\":\"required name=search_term_string\"}],\"inLanguage\":\"it-IT\"}]}<\/script>\n<!-- \/ Yoast SEO plugin. -->","yoast_head_json":{"title":"Cipro: assicurazione viaggio e assistenza sanitaria - Evolution Travel","description":"Informazioni utili per il tuo viaggio a Cipro: assicurazione e assistenza sanitaria. Parti informato e prenota con noi le migliori offerte!","robots":{"index":"index","follow":"follow","max-snippet":"max-snippet:-1","max-image-preview":"max-image-preview:large","max-video-preview":"max-video-preview:-1"},"canonical":"https:\/\/cipro.evolutiontravel.it\/infovacanze\/informazioni\/assicurazione-viaggio\/","twitter_misc":{"Tempo di lettura stimato":"2 minuti"},"schema":{"@context":"https:\/\/schema.org","@graph":[{"@type":"WebPage","@id":"https:\/\/cipro.evolutiontravel.it\/infovacanze\/informazioni\/assicurazione-viaggio\/","url":"https:\/\/cipro.evolutiontravel.it\/infovacanze\/informazioni\/assicurazione-viaggio\/","name":"Cipro: assicurazione viaggio e assistenza sanitaria - Evolution Travel","isPartOf":{"@id":"https:\/\/cipro.evolutiontravel.it\/infovacanze\/#website"},"datePublished":"2018-09-13T15:22:39+00:00","dateModified":"2019-05-17T08:14:04+00:00","description":"Informazioni utili per il tuo viaggio a Cipro: assicurazione e assistenza sanitaria. Parti informato e prenota con noi le migliori offerte!","breadcrumb":{"@id":"https:\/\/cipro.evolutiontravel.it\/infovacanze\/informazioni\/assicurazione-viaggio\/#breadcrumb"},"inLanguage":"it-IT","potentialAction":[{"@type":"ReadAction","target":["https:\/\/cipro.evolutiontravel.it\/infovacanze\/informazioni\/assicurazione-viaggio\/"]}]},{"@type":"BreadcrumbList","@id":"https:\/\/cipro.evolutiontravel.it\/infovacanze\/informazioni\/assicurazione-viaggio\/#breadcrumb","itemListElement":[{"@type":"ListItem","position":1,"name":"Informazioni su Cipro","item":"https:\/\/cipro.evolutiontravel.it\/infovacanze\/informazioni\/"},{"@type":"ListItem","position":2,"name":"Assicurazione e assistenza sanitaria"}]},{"@type":"WebSite","@id":"https:\/\/cipro.evolutiontravel.it\/infovacanze\/#website","url":"https:\/\/cipro.evolutiontravel.it\/infovacanze\/","name":"Cipro","description":"","potentialAction":[{"@type":"SearchAction","target":{"@type":"EntryPoint","urlTemplate":"https:\/\/cipro.evolutiontravel.it\/infovacanze\/?s={search_term_string}"},"query-input":"required name=search_term_string"}],"inLanguage":"it-IT"}]}},"_links":{"self":[{"href":"https:\/\/cipro.evolutiontravel.it\/infovacanze\/wp-json\/wp\/v2\/pages\/961"}],"collection":[{"href":"https:\/\/cipro.evolutiontravel.it\/infovacanze\/wp-json\/wp\/v2\/pages"}],"about":[{"href":"https:\/\/cipro.evolutiontravel.it\/infovacanze\/wp-json\/wp\/v2\/types\/page"}],"author":[{"embeddable":true,"href":"https:\/\/cipro.evolutiontravel.it\/infovacanze\/wp-json\/wp\/v2\/users\/6"}],"replies":[{"embeddable":true,"href":"https:\/\/cipro.evolutiontravel.it\/infovacanze\/wp-json\/wp\/v2\/comments?post=961"}],"version-history":[{"count":3,"href":"https:\/\/cipro.evolutiontravel.it\/infovacanze\/wp-json\/wp\/v2\/pages\/961\/revisions"}],"predecessor-version":[{"id":1083,"href":"https:\/\/cipro.evolutiontravel.it\/infovacanze\/wp-json\/wp\/v2\/pages\/961\/revisions\/1083"}],"up":[{"embeddable":true,"href":"https:\/\/cipro.evolutiontravel.it\/infovacanze\/wp-json\/wp\/v2\/pages\/11"}],"wp:attachment":[{"href":"https:\/\/cipro.evolutiontravel.it\/infovacanze\/wp-json\/wp\/v2\/media?parent=961"}],"curies":[{"name":"wp","href":"https:\/\/api.w.org\/{rel}","templated":true}]}}