{"id":964,"date":"2018-09-13T17:32:33","date_gmt":"2018-09-13T15:32:33","guid":{"rendered":"http:\/\/cipro.evolutiontravel.it\/infovacanze\/?page_id=964"},"modified":"2019-05-17T10:18:06","modified_gmt":"2019-05-17T08:18:06","slug":"cucina-tipica","status":"publish","type":"page","link":"https:\/\/cipro.evolutiontravel.it\/infovacanze\/informazioni\/cucina-tipica\/","title":{"rendered":"Cucina tipica di Cipro"},"content":{"rendered":"<p><strong>A Cipro la cucina<\/strong> \u00e8 tipicamente <strong>mediterranea con influenze mediorientali<\/strong> vista la vicinanza con la Turchia.<\/p>\n<p>L&#8217;isola \u00e8 anche una meta che attira molti buon gustai, infatti il <strong>turismo enogastronomico<\/strong> si sta rilevando, con il passare degli anni, sempre pi\u00f9 incentivante.<\/p>\n<p>La gastronomia cipriota \u00e8 fatta principalmente di <strong>piatti molto semplici<\/strong>, che ricordano tanto la cucina della Grecia. Ci sono molte verdure, formaggi leggeri, piatti freschi e colorati.<\/p>\n<p>Si tratta di pietanze molto <strong>speziate e saporite<\/strong>, ma allo stesso tempo leggere, grazie agli ingredienti semplici che di solito compongono questi piatti.<\/p>\n<p>Rinomato \u00e8 ad esempio <strong>il <em>Mez\u00e8<\/em><\/strong>, tutto a base prevalentemente di pesce, verdure, formaggi e servito con salse speziate.<\/p>\n<p><strong>Alcune tra le specialit\u00e0 tipiche di Cipro<\/strong> sono le <strong>patate dolci chiamate <em>Kalakasi<\/em><\/strong>, oppure l\u2019<em><strong>Halloumi, un formaggio fresco di pecora<\/strong><\/em> a pasta dura e bianca. Anche i piatti di carne come ad esempio lo stufato di agnello o manzo con cipolle, pomodori e cannella, dal nome <strong><em>Tavas<\/em><\/strong>, sono abbastanza diffusi.<\/p>\n<p>Per gli amanti dei piatti un po\u2019 pi\u00f9 particolari e ricercati, suggeriamo di provare la <strong><em>Spanakopita<\/em><\/strong>, cio\u00e8 un mix di spinaci, uova e feta avvolti in una pastella molto sottile. <strong><em>Le Yemista<\/em><\/strong> sono invece verdure ripiene cotte in forno.<\/p>\n<p>Un altro piatto tipico particolare sono le <strong>foglie di vite ripiene di carne o riso<\/strong>, e si chiamano <strong><em>Kouperia<\/em><\/strong>.<\/p>\n<p>Esiste anche una grande variet\u00e0 di dolci per gli amanti di questo tipo di cucina.<\/p>\n<p>La maggior parte di questi ha origine turca e tra i pi\u00f9 famosi e gustosi troviamo la <strong><em>Kadeifi<\/em><\/strong>, ovvero una deliziosa <strong>torta di miele ed il Soujoukko<\/strong> cio\u00e8 un dolce a base di mandorle immerse in succo d\u2019uva caldo, e successivamente lasciate ad essiccare al sole.<\/p>\n<p><strong>I vini di Cipro<\/strong> sono tra i pi\u00f9 antichi del mondo, si tratta di una tradizione risalente a 2000 anni prima di Cristo.<\/p>\n<p>Testimoni di questa tradizione sono i ritrovamenti antichi in particolar modo i mosaici presenti nella Casa di Dionysus a Pafos dove viene narrata per immagini la storia e l\u2019utilizzo che si faceva della vite a Cipro.<\/p>\n<p>&nbsp;<\/p>\n<h3 style=\"text-align: center\"><span style=\"color: #008000\">IMPERDIBILI OFFERTE PER CIPRO<\/span> firmate Evolution Travel<\/h3>\n<p style=\"text-align: center\"><span style=\"color: #008000\"><strong>CLICCA E SCOPRI SUBITO<\/strong><\/span>: <strong>programma<\/strong>, <strong>foto<\/strong>, <strong>commenti<\/strong>, <strong>itinerari<\/strong>, <strong>servizi inclusi<\/strong> e altro ancora!<\/p>\n<div class=\"feedzy-c6867a7d52e0dd32bcb61b0f4bc71689 feedzy-rss\">\n\t\t<ul class=\"feedzy-style2\">\n\t\t\t\t\t<li  style=\"padding: 23px 0 38px\" class=\"rss_item feedzy-rss-col-3\" >\n\t\t\t\t\t\t\t\t\t<div class=\"rss_image\" style=\"width:225px; height:225px;\">\n\t\t\t\t\t\t<a href=\"https:\/\/cipro.evolutiontravel.it\/it_IT\/895\/tab\/35770_alpiselect-melissi-beach-4-stelle.html\" target=\"_blank\" \n\t\t\t\t\t\t\trel=\"noopener \"\n\t\t\t\t\t\t\ttitle=\"Alpiselect Melissi Beach 4 Stelle\"\n\t\t\t\t\t\t\tstyle=\"width:225px; height:225px;\">\n\t\t\t\t\t\t\t<span class=\"fetched\" style=\"background-image:  url('http:\/\/etcdn.net\/thumbnails\/35770\/it-ayia-napa-alpiselect-melissi-beach-4-stelle-86b78.jpg');\" title=\"Alpiselect Melissi Beach 4 Stelle\"><\/span><amp-img width=\"225\" height=\"225\" src=\"http:\/\/etcdn.net\/thumbnails\/35770\/it-ayia-napa-alpiselect-melissi-beach-4-stelle-86b78.jpg\">\t\t\t\t\t\t<\/a>\n\t\t\t\t\t<\/div>\n\t\t\t\t\t\t\t\t<div class=\"rss_content_wrap\">\n\t\t\t\t\t<span class=\"title\">\n\t\t\t\t\t\t<a href=\"https:\/\/cipro.evolutiontravel.it\/it_IT\/895\/tab\/35770_alpiselect-melissi-beach-4-stelle.html\" target=\"_blank\"  rel=\"noopener \">\n\t\t\t\t\t\t\tAlpiselect Melissi Beach 4 Stelle\t\t\t\t\t\t<\/a>\n\t\t\t\t\t<\/span>\n\t\t\t\t\t<div class=\"rss_content\"\n\t\t\t\t\t\t\tstyle=\"\">\n\t\t\t\t\t\t\n\t\t\t\t\t\t\t\t\t\t\t\t<p class=\"description\">Hotel moderno ed elegante, situato in ottima posizione, direttamente su di una splendida spiaggia e a pochi minuti dal centro [&hellip;]<\/p>\n\t\t\t\t\t\t\n\t\t\t\t\t\t\t\t\t\t\t\t\t\t\t\t\t\t\t<div class=\"price-wrap\">\n\t\t\t\t\t\t\t\t<a href=\"https:\/\/cipro.evolutiontravel.it\/it_IT\/895\/tab\/35770_alpiselect-melissi-beach-4-stelle.html\" target=\"_blank\" rel=\"noopener\"><button class=\"price\"> 1420<\/button><\/a>\n\t\t\t\t\t\t\t<\/div>\n\t\t\t\t\t\t\t\t\t\t\t<\/div>\n\t\t\t\t<\/div>\n\t\t\t<\/li>\n\t\t\t\t\t\t<li  style=\"padding: 23px 0 38px\" class=\"rss_item feedzy-rss-col-3\" >\n\t\t\t\t\t\t\t\t\t<div class=\"rss_image\" style=\"width:225px; height:225px;\">\n\t\t\t\t\t\t<a href=\"https:\/\/cipro.evolutiontravel.it\/it_IT\/895\/tab\/26100_alpiselect-atlantica-callisto.html\" target=\"_blank\" \n\t\t\t\t\t\t\trel=\"noopener \"\n\t\t\t\t\t\t\ttitle=\"Alpiselect Atlantica Callisto\"\n\t\t\t\t\t\t\tstyle=\"width:225px; height:225px;\">\n\t\t\t\t\t\t\t<span class=\"fetched\" style=\"background-image:  url('http:\/\/etcdn.net\/thumbnails\/26100\/it-ayia-napa-alpiselect-atlantica-callisto-7ff63.jpg');\" title=\"Alpiselect Atlantica Callisto\"><\/span><amp-img width=\"225\" height=\"225\" src=\"http:\/\/etcdn.net\/thumbnails\/26100\/it-ayia-napa-alpiselect-atlantica-callisto-7ff63.jpg\">\t\t\t\t\t\t<\/a>\n\t\t\t\t\t<\/div>\n\t\t\t\t\t\t\t\t<div class=\"rss_content_wrap\">\n\t\t\t\t\t<span class=\"title\">\n\t\t\t\t\t\t<a href=\"https:\/\/cipro.evolutiontravel.it\/it_IT\/895\/tab\/26100_alpiselect-atlantica-callisto.html\" target=\"_blank\"  rel=\"noopener \">\n\t\t\t\t\t\t\tAlpiselect Atlantica Callisto\t\t\t\t\t\t<\/a>\n\t\t\t\t\t<\/span>\n\t\t\t\t\t<div class=\"rss_content\"\n\t\t\t\t\t\t\tstyle=\"\">\n\t\t\t\t\t\t\n\t\t\t\t\t\t\t\t\t\t\t\t<p class=\"description\">Posizione strategica, si trova infatti a pochi chilometri dal centro di Ayia Napa e direttamente sulla spiaggia di sabbia di [&hellip;]<\/p>\n\t\t\t\t\t\t\n\t\t\t\t\t\t\t\t\t\t\t\t\t\t\t\t\t\t\t<div class=\"price-wrap\">\n\t\t\t\t\t\t\t\t<a href=\"https:\/\/cipro.evolutiontravel.it\/it_IT\/895\/tab\/26100_alpiselect-atlantica-callisto.html\" target=\"_blank\" rel=\"noopener\"><button class=\"price\"> 1035<\/button><\/a>\n\t\t\t\t\t\t\t<\/div>\n\t\t\t\t\t\t\t\t\t\t\t<\/div>\n\t\t\t\t<\/div>\n\t\t\t<\/li>\n\t\t\t\t\t\t<li  style=\"padding: 23px 0 38px\" class=\"rss_item feedzy-rss-col-3\" >\n\t\t\t\t\t\t\t\t\t<div class=\"rss_image\" style=\"width:225px; height:225px;\">\n\t\t\t\t\t\t<a href=\"https:\/\/cipro.evolutiontravel.it\/it_IT\/895\/tab\/26096_seaclub-asterias-beach.html\" target=\"_blank\" \n\t\t\t\t\t\t\trel=\"noopener \"\n\t\t\t\t\t\t\ttitle=\"Seaclub Asterias Beach\"\n\t\t\t\t\t\t\tstyle=\"width:225px; height:225px;\">\n\t\t\t\t\t\t\t<span class=\"fetched\" style=\"background-image:  url('http:\/\/etcdn.net\/thumbnails\/26096\/it-ayia-napa-seaclub-asterias-beach-7ff57.jpg');\" title=\"Seaclub Asterias Beach\"><\/span><amp-img width=\"225\" height=\"225\" src=\"http:\/\/etcdn.net\/thumbnails\/26096\/it-ayia-napa-seaclub-asterias-beach-7ff57.jpg\">\t\t\t\t\t\t<\/a>\n\t\t\t\t\t<\/div>\n\t\t\t\t\t\t\t\t<div class=\"rss_content_wrap\">\n\t\t\t\t\t<span class=\"title\">\n\t\t\t\t\t\t<a href=\"https:\/\/cipro.evolutiontravel.it\/it_IT\/895\/tab\/26096_seaclub-asterias-beach.html\" target=\"_blank\"  rel=\"noopener \">\n\t\t\t\t\t\t\tSeaclub Asterias Beach\t\t\t\t\t\t<\/a>\n\t\t\t\t\t<\/span>\n\t\t\t\t\t<div class=\"rss_content\"\n\t\t\t\t\t\t\tstyle=\"\">\n\t\t\t\t\t\t\n\t\t\t\t\t\t\t\t\t\t\t\t<p class=\"description\">Sorge sulla baia di Makronissos \"Bandiera Blu\" famosa per l'acqua cristallina e la spiaggia di sabbia bianca e fine. A due passi [&hellip;]<\/p>\n\t\t\t\t\t\t\n\t\t\t\t\t\t\t\t\t\t\t\t\t\t\t\t\t\t\t<div class=\"price-wrap\">\n\t\t\t\t\t\t\t\t<a href=\"https:\/\/cipro.evolutiontravel.it\/it_IT\/895\/tab\/26096_seaclub-asterias-beach.html\" target=\"_blank\" rel=\"noopener\"><button class=\"price\"> 1200<\/button><\/a>\n\t\t\t\t\t\t\t<\/div>\n\t\t\t\t\t\t\t\t\t\t\t<\/div>\n\t\t\t\t<\/div>\n\t\t\t<\/li>\n\t\t\t\t\t\t<li  style=\"padding: 23px 0 38px\" class=\"rss_item feedzy-rss-col-3\" >\n\t\t\t\t\t\t\t\t\t<div class=\"rss_image\" style=\"width:225px; height:225px;\">\n\t\t\t\t\t\t<a href=\"https:\/\/cipro.evolutiontravel.it\/it_IT\/895\/tab\/26970_bravo-kaya-artemis-resort.html\" target=\"_blank\" \n\t\t\t\t\t\t\trel=\"noopener \"\n\t\t\t\t\t\t\ttitle=\"Bravo Kaya Artemis Resort\"\n\t\t\t\t\t\t\tstyle=\"width:225px; height:225px;\">\n\t\t\t\t\t\t\t<span class=\"fetched\" style=\"background-image:  url('http:\/\/etcdn.net\/thumbnails\/26970\/it-bafra-alpiclub-kaya-artemis-resort-7ff0f.jpg');\" title=\"Bravo Kaya Artemis Resort\"><\/span><amp-img width=\"225\" height=\"225\" src=\"http:\/\/etcdn.net\/thumbnails\/26970\/it-bafra-alpiclub-kaya-artemis-resort-7ff0f.jpg\">\t\t\t\t\t\t<\/a>\n\t\t\t\t\t<\/div>\n\t\t\t\t\t\t\t\t<div class=\"rss_content_wrap\">\n\t\t\t\t\t<span class=\"title\">\n\t\t\t\t\t\t<a href=\"https:\/\/cipro.evolutiontravel.it\/it_IT\/895\/tab\/26970_bravo-kaya-artemis-resort.html\" target=\"_blank\"  rel=\"noopener \">\n\t\t\t\t\t\t\tBravo Kaya Artemis Resort\t\t\t\t\t\t<\/a>\n\t\t\t\t\t<\/span>\n\t\t\t\t\t<div class=\"rss_content\"\n\t\t\t\t\t\t\tstyle=\"\">\n\t\t\t\t\t\t\n\t\t\t\t\t\t\t\t\t\t\t\t<p class=\"description\">Alla scoperta di un mare limpidissimo tra siti archeologici, mosaici e affreschi bizantini in un crocevia di antiche culture. [&hellip;]<\/p>\n\t\t\t\t\t\t\n\t\t\t\t\t\t\t\t\t\t\t\t\t\t\t\t\t\t\t<div class=\"price-wrap\">\n\t\t\t\t\t\t\t\t<a href=\"https:\/\/cipro.evolutiontravel.it\/it_IT\/895\/tab\/26970_bravo-kaya-artemis-resort.html\" target=\"_blank\" rel=\"noopener\"><button class=\"price\"> 1215<\/button><\/a>\n\t\t\t\t\t\t\t<\/div>\n\t\t\t\t\t\t\t\t\t\t\t<\/div>\n\t\t\t\t<\/div>\n\t\t\t<\/li>\n\t\t\t\t\t\t<li  style=\"padding: 23px 0 38px\" class=\"rss_item feedzy-rss-col-3\" >\n\t\t\t\t\t\t\t\t\t<div class=\"rss_image\" style=\"width:225px; height:225px;\">\n\t\t\t\t\t\t<a href=\"https:\/\/cipro.evolutiontravel.it\/it_IT\/895\/tab\/26098_hotel-corfu.html\" target=\"_blank\" \n\t\t\t\t\t\t\trel=\"noopener \"\n\t\t\t\t\t\t\ttitle=\"Hotel Corfu\"\n\t\t\t\t\t\t\tstyle=\"width:225px; height:225px;\">\n\t\t\t\t\t\t\t<span class=\"fetched\" style=\"background-image:  url('http:\/\/etcdn.net\/thumbnails\/26098\/it-ayia-napa-hotel-corfu-80091.jpg');\" title=\"Hotel Corfu\"><\/span><amp-img width=\"225\" height=\"225\" src=\"http:\/\/etcdn.net\/thumbnails\/26098\/it-ayia-napa-hotel-corfu-80091.jpg\">\t\t\t\t\t\t<\/a>\n\t\t\t\t\t<\/div>\n\t\t\t\t\t\t\t\t<div class=\"rss_content_wrap\">\n\t\t\t\t\t<span class=\"title\">\n\t\t\t\t\t\t<a href=\"https:\/\/cipro.evolutiontravel.it\/it_IT\/895\/tab\/26098_hotel-corfu.html\" target=\"_blank\"  rel=\"noopener \">\n\t\t\t\t\t\t\tHotel Corfu\t\t\t\t\t\t<\/a>\n\t\t\t\t\t<\/span>\n\t\t\t\t\t<div class=\"rss_content\"\n\t\t\t\t\t\t\tstyle=\"\">\n\t\t\t\t\t\t\n\t\t\t\t\t\t\t\t\t\t\t\t<p class=\"description\">Hotel gradevole a vocazione internazionale, in seconda linea rispetto alla spiaggia di Limanaki, raggiungibile a piedi tramite un [&hellip;]<\/p>\n\t\t\t\t\t\t\n\t\t\t\t\t\t\t\t\t\t\t\t\t\t\t\t\t\t\t<div class=\"price-wrap\">\n\t\t\t\t\t\t\t\t<a href=\"https:\/\/cipro.evolutiontravel.it\/it_IT\/895\/tab\/26098_hotel-corfu.html\" target=\"_blank\" rel=\"noopener\"><button class=\"price\"> 670<\/button><\/a>\n\t\t\t\t\t\t\t<\/div>\n\t\t\t\t\t\t\t\t\t\t\t<\/div>\n\t\t\t\t<\/div>\n\t\t\t<\/li>\n\t\t\t\t\t\t<li  style=\"padding: 23px 0 38px\" class=\"rss_item feedzy-rss-col-3\" >\n\t\t\t\t\t\t\t\t\t<div class=\"rss_image\" style=\"width:225px; height:225px;\">\n\t\t\t\t\t\t<a href=\"https:\/\/cipro.evolutiontravel.it\/it_IT\/895\/tab\/40719_veraclub-so-nice.html\" target=\"_blank\" \n\t\t\t\t\t\t\trel=\"noopener \"\n\t\t\t\t\t\t\ttitle=\"Veraclub So Nice\"\n\t\t\t\t\t\t\tstyle=\"width:225px; height:225px;\">\n\t\t\t\t\t\t\t<span class=\"fetched\" style=\"background-image:  url('http:\/\/etcdn.net\/thumbnails\/40719\/it-ayia-napa-veraclub-so-nice-82c70.jpg');\" title=\"Veraclub So Nice\"><\/span><amp-img width=\"225\" height=\"225\" src=\"http:\/\/etcdn.net\/thumbnails\/40719\/it-ayia-napa-veraclub-so-nice-82c70.jpg\">\t\t\t\t\t\t<\/a>\n\t\t\t\t\t<\/div>\n\t\t\t\t\t\t\t\t<div class=\"rss_content_wrap\">\n\t\t\t\t\t<span class=\"title\">\n\t\t\t\t\t\t<a href=\"https:\/\/cipro.evolutiontravel.it\/it_IT\/895\/tab\/40719_veraclub-so-nice.html\" target=\"_blank\"  rel=\"noopener \">\n\t\t\t\t\t\t\tVeraclub So Nice\t\t\t\t\t\t<\/a>\n\t\t\t\t\t<\/span>\n\t\t\t\t\t<div class=\"rss_content\"\n\t\t\t\t\t\t\tstyle=\"\">\n\t\t\t\t\t\t\n\t\t\t\t\t\t\t\t\t\t\t\t<p class=\"description\">Un\u2019estate tra storia, mare e relax: lasciati incantare dal fascino millenario di\u00a0Cipro, dove storia e mito si intrecciano con [&hellip;]<\/p>\n\t\t\t\t\t\t\n\t\t\t\t\t\t\t\t\t\t\t\t\t\t\t\t\t\t\t<div class=\"price-wrap\">\n\t\t\t\t\t\t\t\t<a href=\"https:\/\/cipro.evolutiontravel.it\/it_IT\/895\/tab\/40719_veraclub-so-nice.html\" target=\"_blank\" rel=\"noopener\"><button class=\"price\"> 1180<\/button><\/a>\n\t\t\t\t\t\t\t<\/div>\n\t\t\t\t\t\t\t\t\t\t\t<\/div>\n\t\t\t\t<\/div>\n\t\t\t<\/li>\n\t\t\t\t<\/ul>\n<\/div>\n<style type=\"text\/css\" media=\"all\">.feedzy-rss .rss_item .rss_image{float:left;position:relative;border:none;text-decoration:none;max-width:100%}.feedzy-rss .rss_item .rss_image span{display:inline-block;position:absolute;width:100%;height:100%;background-position:50%;background-size:cover}.feedzy-rss .rss_item .rss_image{margin:.3em 1em 0 0;content-visibility:auto}.feedzy-rss ul{list-style:none}.feedzy-rss ul li{display:inline-block}<\/style>\n","protected":false},"excerpt":{"rendered":"<p>A Cipro la cucina \u00e8 tipicamente mediterranea con influenze mediorientali vista la vicinanza con la Turchia. L&#8217;isola \u00e8 anche una meta che attira molti buon gustai, infatti il turismo enogastronomico si sta rilevando, con il passare degli anni, sempre pi\u00f9 incentivante. La gastronomia cipriota \u00e8 fatta principalmente di piatti molto semplici, che ricordano tanto la <a class=\"moretag\" href=\"https:\/\/cipro.evolutiontravel.it\/infovacanze\/informazioni\/cucina-tipica\/\">[&#8230;]<\/a><\/p>\n","protected":false},"author":6,"featured_media":0,"parent":11,"menu_order":0,"comment_status":"closed","ping_status":"closed","template":"templates\/template-with-right-sidebar.php","meta":{"footnotes":""},"yoast_head":"<!-- This site is optimized with the Yoast SEO plugin v21.9.1 - https:\/\/yoast.com\/wordpress\/plugins\/seo\/ -->\n<title>Cucina cipriota: cosa mangiare in vacanza sull&#039;isola di Cipro<\/title>\n<meta name=\"description\" content=\"Ecco cosa mangiare a Cipro: una rassegna della cucina tipica di questa isola che vi far\u00e0 innamorare ancora di pi\u00f9 della localit\u00e0!\" \/>\n<meta name=\"robots\" content=\"index, follow, max-snippet:-1, max-image-preview:large, max-video-preview:-1\" \/>\n<link rel=\"canonical\" href=\"https:\/\/cipro.evolutiontravel.it\/infovacanze\/informazioni\/cucina-tipica\/\" \/>\n<meta name=\"twitter:label1\" content=\"Tempo di lettura stimato\" \/>\n\t<meta name=\"twitter:data1\" content=\"2 minuti\" \/>\n<script type=\"application\/ld+json\" class=\"yoast-schema-graph\">{\"@context\":\"https:\/\/schema.org\",\"@graph\":[{\"@type\":\"WebPage\",\"@id\":\"https:\/\/cipro.evolutiontravel.it\/infovacanze\/informazioni\/cucina-tipica\/\",\"url\":\"https:\/\/cipro.evolutiontravel.it\/infovacanze\/informazioni\/cucina-tipica\/\",\"name\":\"Cucina cipriota: cosa mangiare in vacanza sull'isola di Cipro\",\"isPartOf\":{\"@id\":\"https:\/\/cipro.evolutiontravel.it\/infovacanze\/#website\"},\"datePublished\":\"2018-09-13T15:32:33+00:00\",\"dateModified\":\"2019-05-17T08:18:06+00:00\",\"description\":\"Ecco cosa mangiare a Cipro: una rassegna della cucina tipica di questa isola che vi far\u00e0 innamorare ancora di pi\u00f9 della localit\u00e0!\",\"breadcrumb\":{\"@id\":\"https:\/\/cipro.evolutiontravel.it\/infovacanze\/informazioni\/cucina-tipica\/#breadcrumb\"},\"inLanguage\":\"it-IT\",\"potentialAction\":[{\"@type\":\"ReadAction\",\"target\":[\"https:\/\/cipro.evolutiontravel.it\/infovacanze\/informazioni\/cucina-tipica\/\"]}]},{\"@type\":\"BreadcrumbList\",\"@id\":\"https:\/\/cipro.evolutiontravel.it\/infovacanze\/informazioni\/cucina-tipica\/#breadcrumb\",\"itemListElement\":[{\"@type\":\"ListItem\",\"position\":1,\"name\":\"Informazioni su Cipro\",\"item\":\"https:\/\/cipro.evolutiontravel.it\/infovacanze\/informazioni\/\"},{\"@type\":\"ListItem\",\"position\":2,\"name\":\"Cucina tipica di Cipro\"}]},{\"@type\":\"WebSite\",\"@id\":\"https:\/\/cipro.evolutiontravel.it\/infovacanze\/#website\",\"url\":\"https:\/\/cipro.evolutiontravel.it\/infovacanze\/\",\"name\":\"Cipro\",\"description\":\"\",\"potentialAction\":[{\"@type\":\"SearchAction\",\"target\":{\"@type\":\"EntryPoint\",\"urlTemplate\":\"https:\/\/cipro.evolutiontravel.it\/infovacanze\/?s={search_term_string}\"},\"query-input\":\"required name=search_term_string\"}],\"inLanguage\":\"it-IT\"}]}<\/script>\n<!-- \/ Yoast SEO plugin. -->","yoast_head_json":{"title":"Cucina cipriota: cosa mangiare in vacanza sull'isola di Cipro","description":"Ecco cosa mangiare a Cipro: una rassegna della cucina tipica di questa isola che vi far\u00e0 innamorare ancora di pi\u00f9 della localit\u00e0!","robots":{"index":"index","follow":"follow","max-snippet":"max-snippet:-1","max-image-preview":"max-image-preview:large","max-video-preview":"max-video-preview:-1"},"canonical":"https:\/\/cipro.evolutiontravel.it\/infovacanze\/informazioni\/cucina-tipica\/","twitter_misc":{"Tempo di lettura stimato":"2 minuti"},"schema":{"@context":"https:\/\/schema.org","@graph":[{"@type":"WebPage","@id":"https:\/\/cipro.evolutiontravel.it\/infovacanze\/informazioni\/cucina-tipica\/","url":"https:\/\/cipro.evolutiontravel.it\/infovacanze\/informazioni\/cucina-tipica\/","name":"Cucina cipriota: cosa mangiare in vacanza sull'isola di Cipro","isPartOf":{"@id":"https:\/\/cipro.evolutiontravel.it\/infovacanze\/#website"},"datePublished":"2018-09-13T15:32:33+00:00","dateModified":"2019-05-17T08:18:06+00:00","description":"Ecco cosa mangiare a Cipro: una rassegna della cucina tipica di questa isola che vi far\u00e0 innamorare ancora di pi\u00f9 della localit\u00e0!","breadcrumb":{"@id":"https:\/\/cipro.evolutiontravel.it\/infovacanze\/informazioni\/cucina-tipica\/#breadcrumb"},"inLanguage":"it-IT","potentialAction":[{"@type":"ReadAction","target":["https:\/\/cipro.evolutiontravel.it\/infovacanze\/informazioni\/cucina-tipica\/"]}]},{"@type":"BreadcrumbList","@id":"https:\/\/cipro.evolutiontravel.it\/infovacanze\/informazioni\/cucina-tipica\/#breadcrumb","itemListElement":[{"@type":"ListItem","position":1,"name":"Informazioni su Cipro","item":"https:\/\/cipro.evolutiontravel.it\/infovacanze\/informazioni\/"},{"@type":"ListItem","position":2,"name":"Cucina tipica di Cipro"}]},{"@type":"WebSite","@id":"https:\/\/cipro.evolutiontravel.it\/infovacanze\/#website","url":"https:\/\/cipro.evolutiontravel.it\/infovacanze\/","name":"Cipro","description":"","potentialAction":[{"@type":"SearchAction","target":{"@type":"EntryPoint","urlTemplate":"https:\/\/cipro.evolutiontravel.it\/infovacanze\/?s={search_term_string}"},"query-input":"required name=search_term_string"}],"inLanguage":"it-IT"}]}},"_links":{"self":[{"href":"https:\/\/cipro.evolutiontravel.it\/infovacanze\/wp-json\/wp\/v2\/pages\/964"}],"collection":[{"href":"https:\/\/cipro.evolutiontravel.it\/infovacanze\/wp-json\/wp\/v2\/pages"}],"about":[{"href":"https:\/\/cipro.evolutiontravel.it\/infovacanze\/wp-json\/wp\/v2\/types\/page"}],"author":[{"embeddable":true,"href":"https:\/\/cipro.evolutiontravel.it\/infovacanze\/wp-json\/wp\/v2\/users\/6"}],"replies":[{"embeddable":true,"href":"https:\/\/cipro.evolutiontravel.it\/infovacanze\/wp-json\/wp\/v2\/comments?post=964"}],"version-history":[{"count":4,"href":"https:\/\/cipro.evolutiontravel.it\/infovacanze\/wp-json\/wp\/v2\/pages\/964\/revisions"}],"predecessor-version":[{"id":1084,"href":"https:\/\/cipro.evolutiontravel.it\/infovacanze\/wp-json\/wp\/v2\/pages\/964\/revisions\/1084"}],"up":[{"embeddable":true,"href":"https:\/\/cipro.evolutiontravel.it\/infovacanze\/wp-json\/wp\/v2\/pages\/11"}],"wp:attachment":[{"href":"https:\/\/cipro.evolutiontravel.it\/infovacanze\/wp-json\/wp\/v2\/media?parent=964"}],"curies":[{"name":"wp","href":"https:\/\/api.w.org\/{rel}","templated":true}]}}